{"id":542,"date":"2021-11-11T14:40:30","date_gmt":"2021-11-11T07:40:30","guid":{"rendered":"https:\/\/nhonhoiip.com.vn\/?page_id=542"},"modified":"2025-01-08T13:53:17","modified_gmt":"2025-01-08T06:53:17","slug":"vi-tri-kcn","status":"publish","type":"page","link":"https:\/\/nhonhoiip.com.vn\/en\/vi-tri-kcn\/","title":{"rendered":"Location of Industrial Park"},"content":{"rendered":"<div data-elementor-type=\"wp-page\" data-elementor-id=\"542\" class=\"elementor elementor-542\" data-elementor-post-type=\"page\">\n\t\t\t\t\t\t<section class=\"elementor-section elementor-top-section elementor-element elementor-element-53a15c7 elementor-section-boxed elementor-section-height-default elementor-section-height-default\" data-id=\"53a15c7\" data-element_type=\"section\" data-e-type=\"section\" data-settings=\"{&quot;background_background&quot;:&quot;classic&quot;,&quot;jet_parallax_layout_list&quot;:[]}\">\n\t\t\t\t\t\t\t<div class=\"elementor-background-overlay\"><\/div>\n\t\t\t\t\t\t\t<div class=\"elementor-container elementor-column-gap-default\">\n\t\t\t\t\t<div class=\"elementor-column elementor-col-100 elementor-top-column elementor-element elementor-element-e4731fb\" data-id=\"e4731fb\" data-element_type=\"column\" data-e-type=\"column\">\n\t\t\t<div class=\"elementor-widget-wrap elementor-element-populated\">\n\t\t\t\t\t\t<section class=\"elementor-section elementor-inner-section elementor-element elementor-element-58e2672 elementor-section-boxed elementor-section-height-default elementor-section-height-default\" data-id=\"58e2672\" data-element_type=\"section\" data-e-type=\"section\" data-settings=\"{&quot;jet_parallax_layout_list&quot;:[]}\">\n\t\t\t\t\t\t<div class=\"elementor-container elementor-column-gap-default\">\n\t\t\t\t\t<div class=\"elementor-column elementor-col-100 elementor-inner-column elementor-element elementor-element-190bdb5 elementor-invisible\" data-id=\"190bdb5\" data-element_type=\"column\" data-e-type=\"column\" data-settings=\"{&quot;animation&quot;:&quot;fadeInLeft&quot;}\">\n\t\t\t<div class=\"elementor-widget-wrap elementor-element-populated\">\n\t\t\t\t\t\t<div class=\"elementor-element elementor-element-2f07d0e elementor-widget elementor-widget-breadcrumbs\" data-id=\"2f07d0e\" data-element_type=\"widget\" data-e-type=\"widget\" data-widget_type=\"breadcrumbs.default\">\n\t\t\t\t<div class=\"elementor-widget-container\">\n\t\t\t\t\t<p id=\"breadcrumbs\"><span><span><a href=\"https:\/\/nhonhoiip.com.vn\/en\/\"><i class=\"fa fa-home\"><\/i>Home page<\/a><\/span><\/span><\/p>\t\t\t\t<\/div>\n\t\t\t\t<\/div>\n\t\t\t\t\t<\/div>\n\t\t<\/div>\n\t\t\t\t\t<\/div>\n\t\t<\/section>\n\t\t\t\t\t<\/div>\n\t\t<\/div>\n\t\t\t\t\t<\/div>\n\t\t<\/section>\n\t\t\t\t<section class=\"elementor-section elementor-top-section elementor-element elementor-element-91404d7 elementor-section-full_width elementor-section-height-default elementor-section-height-default\" data-id=\"91404d7\" data-element_type=\"section\" data-e-type=\"section\" data-settings=\"{&quot;background_background&quot;:&quot;classic&quot;,&quot;jet_parallax_layout_list&quot;:[]}\">\n\t\t\t\t\t\t\t<div class=\"elementor-background-overlay\"><\/div>\n\t\t\t\t\t\t\t<div class=\"elementor-container elementor-column-gap-default\">\n\t\t\t\t\t<div class=\"elementor-column elementor-col-100 elementor-top-column elementor-element elementor-element-6387bfa\" data-id=\"6387bfa\" data-element_type=\"column\" data-e-type=\"column\">\n\t\t\t<div class=\"elementor-widget-wrap elementor-element-populated\">\n\t\t\t\t\t\t<div class=\"elementor-element elementor-element-95057ec elementor-widget elementor-widget-html\" data-id=\"95057ec\" data-element_type=\"widget\" data-e-type=\"widget\" data-widget_type=\"html.default\">\n\t\t\t\t<div class=\"elementor-widget-container\">\n\t\t\t\t\t<marquee class=\"text-chay\">Khu c\u00f4ng nghi\u1ec7p Nh\u01a1n H\u1ed9i A - \u0110i\u1ec3m \u0111\u1ebfn l\u00fd t\u01b0\u1edfng cho nh\u00e0 \u0111\u1ea7u t\u01b0  Hotline: 0867 699 677<\/marquee>\t\t\t\t<\/div>\n\t\t\t\t<\/div>\n\t\t\t\t\t<\/div>\n\t\t<\/div>\n\t\t\t\t\t<\/div>\n\t\t<\/section>\n\t\t\t\t<section class=\"elementor-section elementor-top-section elementor-element elementor-element-03ce368 elementor-section-boxed elementor-section-height-default elementor-section-height-default\" data-id=\"03ce368\" data-element_type=\"section\" data-e-type=\"section\" data-settings=\"{&quot;jet_parallax_layout_list&quot;:[]}\">\n\t\t\t\t\t\t<div class=\"elementor-container elementor-column-gap-default\">\n\t\t\t\t\t<div class=\"elementor-column elementor-col-50 elementor-top-column elementor-element elementor-element-35f2f94\" data-id=\"35f2f94\" data-element_type=\"column\" data-e-type=\"column\">\n\t\t\t<div class=\"elementor-widget-wrap elementor-element-populated\">\n\t\t\t\t\t\t<section class=\"elementor-section elementor-inner-section elementor-element elementor-element-747b284 elementor-section-boxed elementor-section-height-default elementor-section-height-default\" data-id=\"747b284\" data-element_type=\"section\" data-e-type=\"section\" data-settings=\"{&quot;jet_parallax_layout_list&quot;:[]}\">\n\t\t\t\t\t\t<div class=\"elementor-container elementor-column-gap-default\">\n\t\t\t\t\t<div class=\"elementor-column elementor-col-100 elementor-inner-column elementor-element elementor-element-a28c05b\" data-id=\"a28c05b\" data-element_type=\"column\" data-e-type=\"column\" data-settings=\"{&quot;background_background&quot;:&quot;classic&quot;}\">\n\t\t\t<div class=\"elementor-widget-wrap elementor-element-populated\">\n\t\t\t\t\t\t<div class=\"elementor-element elementor-element-c7c508e css_title elementor-widget__width-auto elementor-widget elementor-widget-heading\" data-id=\"c7c508e\" data-element_type=\"widget\" data-e-type=\"widget\" data-widget_type=\"heading.default\">\n\t\t\t\t<div class=\"elementor-widget-container\">\n\t\t\t\t\t<h2 class=\"elementor-heading-title elementor-size-default\">Location of Industrial Park<\/h2>\t\t\t\t<\/div>\n\t\t\t\t<\/div>\n\t\t\t\t\t<\/div>\n\t\t<\/div>\n\t\t\t\t\t<\/div>\n\t\t<\/section>\n\t\t\t\t<section class=\"elementor-section elementor-inner-section elementor-element elementor-element-4477673 elementor-section-boxed elementor-section-height-default elementor-section-height-default\" data-id=\"4477673\" data-element_type=\"section\" data-e-type=\"section\" data-settings=\"{&quot;jet_parallax_layout_list&quot;:[]}\">\n\t\t\t\t\t\t<div class=\"elementor-container elementor-column-gap-default\">\n\t\t\t\t\t<div class=\"elementor-column elementor-col-100 elementor-inner-column elementor-element elementor-element-3031c8d\" data-id=\"3031c8d\" data-element_type=\"column\" data-e-type=\"column\">\n\t\t\t<div class=\"elementor-widget-wrap elementor-element-populated\">\n\t\t\t\t\t\t<div class=\"elementor-element elementor-element-3ecc38f elementor-widget elementor-widget-google_maps\" data-id=\"3ecc38f\" data-element_type=\"widget\" data-e-type=\"widget\" data-widget_type=\"google_maps.default\">\n\t\t\t\t<div class=\"elementor-widget-container\">\n\t\t\t\t\t\t\t<div class=\"elementor-custom-embed\">\n\t\t\t<iframe loading=\"lazy\"\n\t\t\t\t\tsrc=\"https:\/\/maps.google.com\/maps?q=L%C3%B4%20A2.01%2C%20%C4%90%C6%B0%E1%BB%9Dng%20N3%2C%20Khu%20C%C3%B4ng%20nghi%E1%BB%87p%20Nh%C6%A1n%20H%E1%BB%99i%20-%20Khu%20A%2C%20X%C3%A3%20Nh%C6%A1n%20H%E1%BB%99i%2C%20Tp.%20Quy%20Nh%C6%A1n%2C%20T%E1%BB%89nh%20B%C3%ACnh%20%C4%90%E1%BB%8Bnh.&#038;t=m&#038;z=15&#038;output=embed&#038;iwloc=near\"\n\t\t\t\t\ttitle=\"Lot A2.01, Road N3, Nhon Hoi Industrial Park - Zone A, Nhon Hoi Commune, City. Quy Nhon, Binh Dinh Province.\"\n\t\t\t\t\taria-label=\"Lot A2.01, Road N3, Nhon Hoi Industrial Park - Zone A, Nhon Hoi Commune, City. Quy Nhon, Binh Dinh Province.\"\n\t\t\t><\/iframe>\n\t\t<\/div>\n\t\t\t\t\t\t<\/div>\n\t\t\t\t<\/div>\n\t\t\t\t\t<\/div>\n\t\t<\/div>\n\t\t\t\t\t<\/div>\n\t\t<\/section>\n\t\t\t\t\t<\/div>\n\t\t<\/div>\n\t\t\t\t<div class=\"elementor-column elementor-col-50 elementor-top-column elementor-element elementor-element-f9b02ab\" data-id=\"f9b02ab\" data-element_type=\"column\" data-e-type=\"column\">\n\t\t\t<div class=\"elementor-widget-wrap elementor-element-populated\">\n\t\t\t\t\t\t<section class=\"elementor-section elementor-inner-section elementor-element elementor-element-01e1089 elementor-section-boxed elementor-section-height-default elementor-section-height-default\" data-id=\"01e1089\" data-element_type=\"section\" data-e-type=\"section\" data-settings=\"{&quot;jet_parallax_layout_list&quot;:[]}\">\n\t\t\t\t\t\t<div class=\"elementor-container elementor-column-gap-default\">\n\t\t\t\t\t<div class=\"elementor-column elementor-col-100 elementor-inner-column elementor-element elementor-element-b3ff5c0\" data-id=\"b3ff5c0\" data-element_type=\"column\" data-e-type=\"column\">\n\t\t\t<div class=\"elementor-widget-wrap elementor-element-populated\">\n\t\t\t\t\t\t<div class=\"elementor-element elementor-element-ec98202 elementor-nav-menu--dropdown-none css_menu_tc elementor-widget elementor-widget-nav-menu\" data-id=\"ec98202\" data-element_type=\"widget\" data-e-type=\"widget\" data-settings=\"{&quot;layout&quot;:&quot;vertical&quot;,&quot;submenu_icon&quot;:{&quot;value&quot;:&quot;&lt;i class=\\&quot;fas fa-caret-down\\&quot; aria-hidden=\\&quot;true\\&quot;&gt;&lt;\\\/i&gt;&quot;,&quot;library&quot;:&quot;fa-solid&quot;}}\" data-widget_type=\"nav-menu.default\">\n\t\t\t\t<div class=\"elementor-widget-container\">\n\t\t\t\t\t\t\t\t<nav aria-label=\"Menu\" class=\"elementor-nav-menu--main elementor-nav-menu__container elementor-nav-menu--layout-vertical e--pointer-none\">\n\t\t\t\t<ul id=\"menu-1-ec98202\" class=\"elementor-nav-menu sm-vertical\"><li class=\"menu-item menu-item-type-post_type menu-item-object-page menu-item-559\"><a href=\"https:\/\/nhonhoiip.com.vn\/en\/gioi-thieu-chung-kcn\/\" class=\"elementor-item menu-link\">General introduction of Industrial Park<\/a><\/li>\n<li class=\"menu-item menu-item-type-post_type menu-item-object-page menu-item-561\"><a href=\"https:\/\/nhonhoiip.com.vn\/en\/so-do-to-chuc-snp\/\" class=\"elementor-item menu-link\">Organization chart SNP<\/a><\/li>\n<li class=\"menu-item menu-item-type-post_type menu-item-object-page menu-item-562\"><a href=\"https:\/\/nhonhoiip.com.vn\/en\/thong-tin-tong-quan-kcn\/\" class=\"elementor-item menu-link\">Overview of the Industrial Park<\/a><\/li>\n<li class=\"menu-item menu-item-type-post_type menu-item-object-page menu-item-2558\"><a href=\"https:\/\/nhonhoiip.com.vn\/en\/loi-the-so-sanh\/\" class=\"elementor-item menu-link\">Comparative advantage<\/a><\/li>\n<li class=\"menu-item menu-item-type-post_type menu-item-object-page menu-item-563\"><a href=\"https:\/\/nhonhoiip.com.vn\/en\/quy-trinh-dau-tu\/\" class=\"elementor-item menu-link\">Investment process<\/a><\/li>\n<li class=\"menu-item menu-item-type-post_type menu-item-object-page menu-item-2511\"><a href=\"https:\/\/nhonhoiip.com.vn\/en\/linh-vuc-moi-goi-dau-tu\/\" class=\"elementor-item menu-link\">Fields of calling for investment<\/a><\/li>\n<li class=\"menu-item menu-item-type-post_type menu-item-object-page menu-item-564\"><a href=\"https:\/\/nhonhoiip.com.vn\/en\/vi-tri-kcn\/\" class=\"elementor-item menu-link\">Location of Industrial Park<\/a><\/li>\n<li class=\"menu-item menu-item-type-post_type menu-item-object-page menu-item-565\"><a href=\"https:\/\/nhonhoiip.com.vn\/en\/tai-ho-so-xuc-tien-dau-tu\/\" class=\"elementor-item menu-link\">Download investment promotion file<\/a><\/li>\n<\/ul>\t\t\t<\/nav>\n\t\t\t\t\t\t<nav class=\"elementor-nav-menu--dropdown elementor-nav-menu__container\" aria-hidden=\"true\">\n\t\t\t\t<ul id=\"menu-2-ec98202\" class=\"elementor-nav-menu sm-vertical\"><li class=\"menu-item menu-item-type-post_type menu-item-object-page menu-item-559\"><a href=\"https:\/\/nhonhoiip.com.vn\/en\/gioi-thieu-chung-kcn\/\" class=\"elementor-item menu-link\" tabindex=\"-1\">General introduction of Industrial Park<\/a><\/li>\n<li class=\"menu-item menu-item-type-post_type menu-item-object-page menu-item-561\"><a href=\"https:\/\/nhonhoiip.com.vn\/en\/so-do-to-chuc-snp\/\" class=\"elementor-item menu-link\" tabindex=\"-1\">Organization chart SNP<\/a><\/li>\n<li class=\"menu-item menu-item-type-post_type menu-item-object-page menu-item-562\"><a href=\"https:\/\/nhonhoiip.com.vn\/en\/thong-tin-tong-quan-kcn\/\" class=\"elementor-item menu-link\" tabindex=\"-1\">Overview of the Industrial Park<\/a><\/li>\n<li class=\"menu-item menu-item-type-post_type menu-item-object-page menu-item-2558\"><a href=\"https:\/\/nhonhoiip.com.vn\/en\/loi-the-so-sanh\/\" class=\"elementor-item menu-link\" tabindex=\"-1\">Comparative advantage<\/a><\/li>\n<li class=\"menu-item menu-item-type-post_type menu-item-object-page menu-item-563\"><a href=\"https:\/\/nhonhoiip.com.vn\/en\/quy-trinh-dau-tu\/\" class=\"elementor-item menu-link\" tabindex=\"-1\">Investment process<\/a><\/li>\n<li class=\"menu-item menu-item-type-post_type menu-item-object-page menu-item-2511\"><a href=\"https:\/\/nhonhoiip.com.vn\/en\/linh-vuc-moi-goi-dau-tu\/\" class=\"elementor-item menu-link\" tabindex=\"-1\">Fields of calling for investment<\/a><\/li>\n<li class=\"menu-item menu-item-type-post_type menu-item-object-page menu-item-564\"><a href=\"https:\/\/nhonhoiip.com.vn\/en\/vi-tri-kcn\/\" class=\"elementor-item menu-link\" tabindex=\"-1\">Location of Industrial Park<\/a><\/li>\n<li class=\"menu-item menu-item-type-post_type menu-item-object-page menu-item-565\"><a href=\"https:\/\/nhonhoiip.com.vn\/en\/tai-ho-so-xuc-tien-dau-tu\/\" class=\"elementor-item menu-link\" tabindex=\"-1\">Download investment promotion file<\/a><\/li>\n<\/ul>\t\t\t<\/nav>\n\t\t\t\t\t\t<\/div>\n\t\t\t\t<\/div>\n\t\t\t\t\t<\/div>\n\t\t<\/div>\n\t\t\t\t\t<\/div>\n\t\t<\/section>\n\t\t\t\t\t<\/div>\n\t\t<\/div>\n\t\t\t\t\t<\/div>\n\t\t<\/section>\n\t\t\t\t<\/div>\n\t\t<!-- AddThis Advanced Settings generic via filter on the_content --><!-- AddThis Share Buttons generic via filter on the_content -->","protected":false},"excerpt":{"rendered":"<p>Khu c\u00f4ng nghi\u1ec7p Nh\u01a1n H\u1ed9i A &#8211; \u0110i\u1ec3m \u0111\u1ebfn l\u00fd t\u01b0\u1edfng cho nh\u00e0 \u0111\u1ea7u t\u01b0 Hotline: 0867 699 677 V\u1ecb tr\u00ed KCN<!-- AddThis Advanced Settings generic via filter on get_the_excerpt --><!-- AddThis Share Buttons generic via filter on get_the_excerpt --><\/p>","protected":false},"author":1,"featured_media":0,"parent":0,"menu_order":0,"comment_status":"closed","ping_status":"closed","template":"elementor_header_footer","meta":{"site-sidebar-layout":"no-sidebar","site-content-layout":"page-builder","ast-site-content-layout":"default","site-content-style":"default","site-sidebar-style":"default","ast-global-header-display":"","ast-banner-title-visibility":"","ast-main-header-display":"","ast-hfb-above-header-display":"","ast-hfb-below-header-display":"","ast-hfb-mobile-header-display":"","site-post-title":"disabled","ast-breadcrumbs-content":"","ast-featured-img":"disabled","footer-sml-layout":"","ast-disable-related-posts":"","theme-transparent-header-meta":"default","adv-header-id-meta":"","stick-header-meta":"default","header-above-stick-meta":"","header-main-stick-meta":"","header-below-stick-meta":"","astra-migrate-meta-layouts":"default","ast-page-background-enabled":"default","ast-page-background-meta":{"desktop":{"background-color":"var(--ast-global-color-4)","background-image":"","background-repeat":"repeat","background-position":"center center","background-size":"auto","background-attachment":"scroll","background-type":"","background-media":"","overlay-type":"","overlay-color":"","overlay-opacity":"","overlay-gradient":""},"tablet":{"background-color":"","background-image":"","background-repeat":"repeat","background-position":"center center","background-size":"auto","background-attachment":"scroll","background-type":"","background-media":"","overlay-type":"","overlay-color":"","overlay-opacity":"","overlay-gradient":""},"mobile":{"background-color":"","background-image":"","background-repeat":"repeat","background-position":"center center","background-size":"auto","background-attachment":"scroll","background-type":"","background-media":"","overlay-type":"","overlay-color":"","overlay-opacity":"","overlay-gradient":""}},"ast-content-background-meta":{"desktop":{"background-color":"var(--ast-global-color-5)","background-image":"","background-repeat":"repeat","background-position":"center center","background-size":"auto","background-attachment":"scroll","background-type":"","background-media":"","overlay-type":"","overlay-color":"","overlay-opacity":"","overlay-gradient":""},"tablet":{"background-color":"var(--ast-global-color-5)","background-image":"","background-repeat":"repeat","background-position":"center center","background-size":"auto","background-attachment":"scroll","background-type":"","background-media":"","overlay-type":"","overlay-color":"","overlay-opacity":"","overlay-gradient":""},"mobile":{"background-color":"var(--ast-global-color-5)","background-image":"","background-repeat":"repeat","background-position":"center center","background-size":"auto","background-attachment":"scroll","background-type":"","background-media":"","overlay-type":"","overlay-color":"","overlay-opacity":"","overlay-gradient":""}},"footnotes":""},"class_list":["post-542","page","type-page","status-publish","hentry"],"yoast_head":"<!-- This site is optimized with the Yoast SEO plugin v27.2 - https:\/\/yoast.com\/product\/yoast-seo-wordpress\/ -->\n<title>V\u1ecb tr\u00ed KCN - KHU C\u00d4NG NGHI\u1ec6P NH\u01a0N H\u1ed8I - KHU A<\/title>\n<meta name=\"description\" content=\"V\u1ecb tr\u00ed KCN Nh\u01a1n H\u1ed9i - Khu A thu\u1ed9c Khu kinh t\u1ebf Nh\u01a1n H\u1ed9i, n\u1eb1m tr\u00ean b\u00e1n \u0111\u1ea3o ph\u01b0\u01a1ng Mai, th\u00e0nh ph\u1ed1 Quy Nh\u01a1n, t\u1ec9nh B\u00ecnh \u0110\u1ecbnh\" \/>\n<meta name=\"robots\" content=\"index, follow, max-snippet:-1, max-image-preview:large, max-video-preview:-1\" \/>\n<link rel=\"canonical\" href=\"https:\/\/nhonhoiip.com.vn\/en\/vi-tri-kcn\/\" \/>\n<meta property=\"og:locale\" content=\"en_US\" \/>\n<meta property=\"og:type\" content=\"article\" \/>\n<meta property=\"og:title\" content=\"V\u1ecb tr\u00ed KCN - KHU C\u00d4NG NGHI\u1ec6P NH\u01a0N H\u1ed8I - KHU A\" \/>\n<meta property=\"og:description\" content=\"V\u1ecb tr\u00ed KCN Nh\u01a1n H\u1ed9i - Khu A thu\u1ed9c Khu kinh t\u1ebf Nh\u01a1n H\u1ed9i, n\u1eb1m tr\u00ean b\u00e1n \u0111\u1ea3o ph\u01b0\u01a1ng Mai, th\u00e0nh ph\u1ed1 Quy Nh\u01a1n, t\u1ec9nh B\u00ecnh \u0110\u1ecbnh\" \/>\n<meta property=\"og:url\" content=\"https:\/\/nhonhoiip.com.vn\/en\/vi-tri-kcn\/\" \/>\n<meta property=\"og:site_name\" content=\"KHU C\u00d4NG NGHI\u1ec6P NH\u01a0N H\u1ed8I - KHU A\" \/>\n<meta property=\"article:modified_time\" content=\"2025-01-08T06:53:17+00:00\" \/>\n<meta name=\"twitter:card\" content=\"summary_large_image\" \/>\n<meta name=\"twitter:label1\" content=\"Est. reading time\" \/>\n\t<meta name=\"twitter:data1\" content=\"1 minute\" \/>\n<script type=\"application\/ld+json\" class=\"yoast-schema-graph\">{\"@context\":\"https:\/\/schema.org\",\"@graph\":[{\"@type\":\"WebPage\",\"@id\":\"https:\/\/nhonhoiip.com.vn\/vi-tri-kcn\/\",\"url\":\"https:\/\/nhonhoiip.com.vn\/vi-tri-kcn\/\",\"name\":\"V\u1ecb tr\u00ed KCN - KHU C\u00d4NG NGHI\u1ec6P NH\u01a0N H\u1ed8I - KHU A\",\"isPartOf\":{\"@id\":\"https:\/\/nhonhoiip.com.vn\/#website\"},\"datePublished\":\"2021-11-11T07:40:30+00:00\",\"dateModified\":\"2025-01-08T06:53:17+00:00\",\"description\":\"V\u1ecb tr\u00ed KCN Nh\u01a1n H\u1ed9i - Khu A thu\u1ed9c Khu kinh t\u1ebf Nh\u01a1n H\u1ed9i, n\u1eb1m tr\u00ean b\u00e1n \u0111\u1ea3o ph\u01b0\u01a1ng Mai, th\u00e0nh ph\u1ed1 Quy Nh\u01a1n, t\u1ec9nh B\u00ecnh \u0110\u1ecbnh\",\"breadcrumb\":{\"@id\":\"https:\/\/nhonhoiip.com.vn\/vi-tri-kcn\/#breadcrumb\"},\"inLanguage\":\"en-US\",\"potentialAction\":[{\"@type\":\"ReadAction\",\"target\":[\"https:\/\/nhonhoiip.com.vn\/vi-tri-kcn\/\"]}]},{\"@type\":\"BreadcrumbList\",\"@id\":\"https:\/\/nhonhoiip.com.vn\/vi-tri-kcn\/#breadcrumb\",\"itemListElement\":[{\"@type\":\"ListItem\",\"position\":1,\"name\":\"Trang ch\u1ee7\",\"item\":\"https:\/\/nhonhoiip.com.vn\/\"},{\"@type\":\"ListItem\",\"position\":2,\"name\":\"V\u1ecb tr\u00ed KCN\"}]},{\"@type\":\"WebSite\",\"@id\":\"https:\/\/nhonhoiip.com.vn\/#website\",\"url\":\"https:\/\/nhonhoiip.com.vn\/\",\"name\":\"KHU C\u00d4NG NGHI\u1ec6P NH\u01a0N H\u1ed8I - KHU A\",\"description\":\"\",\"publisher\":{\"@id\":\"https:\/\/nhonhoiip.com.vn\/#organization\"},\"potentialAction\":[{\"@type\":\"SearchAction\",\"target\":{\"@type\":\"EntryPoint\",\"urlTemplate\":\"https:\/\/nhonhoiip.com.vn\/?s={search_term_string}\"},\"query-input\":{\"@type\":\"PropertyValueSpecification\",\"valueRequired\":true,\"valueName\":\"search_term_string\"}}],\"inLanguage\":\"en-US\"},{\"@type\":\"Organization\",\"@id\":\"https:\/\/nhonhoiip.com.vn\/#organization\",\"name\":\"KHU C\u00d4NG NGHI\u1ec6P NH\u01a0N H\u1ed8I - KHU A\",\"url\":\"https:\/\/nhonhoiip.com.vn\/\",\"logo\":{\"@type\":\"ImageObject\",\"inLanguage\":\"en-US\",\"@id\":\"https:\/\/nhonhoiip.com.vn\/#\/schema\/logo\/image\/\",\"url\":\"https:\/\/nhonhoiip.com.vn\/wp-content\/uploads\/2021\/11\/logo.png\",\"contentUrl\":\"https:\/\/nhonhoiip.com.vn\/wp-content\/uploads\/2021\/11\/logo.png\",\"width\":460,\"height\":76,\"caption\":\"KHU C\u00d4NG NGHI\u1ec6P NH\u01a0N H\u1ed8I - KHU A\"},\"image\":{\"@id\":\"https:\/\/nhonhoiip.com.vn\/#\/schema\/logo\/image\/\"}}]}<\/script>\n<!-- \/ Yoast SEO plugin. -->","yoast_head_json":{"title":"V\u1ecb tr\u00ed KCN - KHU C\u00d4NG NGHI\u1ec6P NH\u01a0N H\u1ed8I - KHU A","description":"V\u1ecb tr\u00ed KCN Nh\u01a1n H\u1ed9i - Khu A thu\u1ed9c Khu kinh t\u1ebf Nh\u01a1n H\u1ed9i, n\u1eb1m tr\u00ean b\u00e1n \u0111\u1ea3o ph\u01b0\u01a1ng Mai, th\u00e0nh ph\u1ed1 Quy Nh\u01a1n, t\u1ec9nh B\u00ecnh \u0110\u1ecbnh","robots":{"index":"index","follow":"follow","max-snippet":"max-snippet:-1","max-image-preview":"max-image-preview:large","max-video-preview":"max-video-preview:-1"},"canonical":"https:\/\/nhonhoiip.com.vn\/en\/vi-tri-kcn\/","og_locale":"en_US","og_type":"article","og_title":"V\u1ecb tr\u00ed KCN - KHU C\u00d4NG NGHI\u1ec6P NH\u01a0N H\u1ed8I - KHU A","og_description":"V\u1ecb tr\u00ed KCN Nh\u01a1n H\u1ed9i - Khu A thu\u1ed9c Khu kinh t\u1ebf Nh\u01a1n H\u1ed9i, n\u1eb1m tr\u00ean b\u00e1n \u0111\u1ea3o ph\u01b0\u01a1ng Mai, th\u00e0nh ph\u1ed1 Quy Nh\u01a1n, t\u1ec9nh B\u00ecnh \u0110\u1ecbnh","og_url":"https:\/\/nhonhoiip.com.vn\/en\/vi-tri-kcn\/","og_site_name":"KHU C\u00d4NG NGHI\u1ec6P NH\u01a0N H\u1ed8I - KHU A","article_modified_time":"2025-01-08T06:53:17+00:00","twitter_card":"summary_large_image","twitter_misc":{"Est. reading time":"1 minute"},"schema":{"@context":"https:\/\/schema.org","@graph":[{"@type":"WebPage","@id":"https:\/\/nhonhoiip.com.vn\/vi-tri-kcn\/","url":"https:\/\/nhonhoiip.com.vn\/vi-tri-kcn\/","name":"V\u1ecb tr\u00ed KCN - KHU C\u00d4NG NGHI\u1ec6P NH\u01a0N H\u1ed8I - KHU A","isPartOf":{"@id":"https:\/\/nhonhoiip.com.vn\/#website"},"datePublished":"2021-11-11T07:40:30+00:00","dateModified":"2025-01-08T06:53:17+00:00","description":"V\u1ecb tr\u00ed KCN Nh\u01a1n H\u1ed9i - Khu A thu\u1ed9c Khu kinh t\u1ebf Nh\u01a1n H\u1ed9i, n\u1eb1m tr\u00ean b\u00e1n \u0111\u1ea3o ph\u01b0\u01a1ng Mai, th\u00e0nh ph\u1ed1 Quy Nh\u01a1n, t\u1ec9nh B\u00ecnh \u0110\u1ecbnh","breadcrumb":{"@id":"https:\/\/nhonhoiip.com.vn\/vi-tri-kcn\/#breadcrumb"},"inLanguage":"en-US","potentialAction":[{"@type":"ReadAction","target":["https:\/\/nhonhoiip.com.vn\/vi-tri-kcn\/"]}]},{"@type":"BreadcrumbList","@id":"https:\/\/nhonhoiip.com.vn\/vi-tri-kcn\/#breadcrumb","itemListElement":[{"@type":"ListItem","position":1,"name":"Trang ch\u1ee7","item":"https:\/\/nhonhoiip.com.vn\/"},{"@type":"ListItem","position":2,"name":"V\u1ecb tr\u00ed KCN"}]},{"@type":"WebSite","@id":"https:\/\/nhonhoiip.com.vn\/#website","url":"https:\/\/nhonhoiip.com.vn\/","name":"NHON HOI INDUSTRIAL PARK - PARK A","description":"","publisher":{"@id":"https:\/\/nhonhoiip.com.vn\/#organization"},"potentialAction":[{"@type":"SearchAction","target":{"@type":"EntryPoint","urlTemplate":"https:\/\/nhonhoiip.com.vn\/?s={search_term_string}"},"query-input":{"@type":"PropertyValueSpecification","valueRequired":true,"valueName":"search_term_string"}}],"inLanguage":"en-US"},{"@type":"Organization","@id":"https:\/\/nhonhoiip.com.vn\/#organization","name":"NHON HOI INDUSTRIAL PARK - PARK A","url":"https:\/\/nhonhoiip.com.vn\/","logo":{"@type":"ImageObject","inLanguage":"en-US","@id":"https:\/\/nhonhoiip.com.vn\/#\/schema\/logo\/image\/","url":"https:\/\/nhonhoiip.com.vn\/wp-content\/uploads\/2021\/11\/logo.png","contentUrl":"https:\/\/nhonhoiip.com.vn\/wp-content\/uploads\/2021\/11\/logo.png","width":460,"height":76,"caption":"KHU C\u00d4NG NGHI\u1ec6P NH\u01a0N H\u1ed8I - KHU A"},"image":{"@id":"https:\/\/nhonhoiip.com.vn\/#\/schema\/logo\/image\/"}}]}},"_links":{"self":[{"href":"https:\/\/nhonhoiip.com.vn\/en\/wp-json\/wp\/v2\/pages\/542","targetHints":{"allow":["GET"]}}],"collection":[{"href":"https:\/\/nhonhoiip.com.vn\/en\/wp-json\/wp\/v2\/pages"}],"about":[{"href":"https:\/\/nhonhoiip.com.vn\/en\/wp-json\/wp\/v2\/types\/page"}],"author":[{"embeddable":true,"href":"https:\/\/nhonhoiip.com.vn\/en\/wp-json\/wp\/v2\/users\/1"}],"replies":[{"embeddable":true,"href":"https:\/\/nhonhoiip.com.vn\/en\/wp-json\/wp\/v2\/comments?post=542"}],"version-history":[{"count":0,"href":"https:\/\/nhonhoiip.com.vn\/en\/wp-json\/wp\/v2\/pages\/542\/revisions"}],"wp:attachment":[{"href":"https:\/\/nhonhoiip.com.vn\/en\/wp-json\/wp\/v2\/media?parent=542"}],"curies":[{"name":"wp","href":"https:\/\/api.w.org\/{rel}","templated":true}]}}