{"id":5949,"date":"2025-05-15T10:36:24","date_gmt":"2025-05-15T03:36:24","guid":{"rendered":"https:\/\/nhonhoiip.com.vn\/?page_id=5949"},"modified":"2025-05-15T10:36:24","modified_gmt":"2025-05-15T03:36:24","slug":"phuong-an-pccc-cua-co-so-kcn-nhon-hoi-khu-a","status":"publish","type":"page","link":"https:\/\/nhonhoiip.com.vn\/ko\/phuong-an-pccc-cua-co-so-kcn-nhon-hoi-khu-a\/","title":{"rendered":"Ph\u01b0\u01a1ng \u00e1n PCCC c\u1ee7a C\u01a1 s\u1edf KCN Nh\u01a1n H\u1ed9i &#8211; Khu A"},"content":{"rendered":"<p><strong>Ph\u01b0\u01a1ng \u00e1n PCCC c\u1ee7a C\u01a1 s\u1edf KCN Nh\u01a1n H\u1ed9i &#8211; Khu A (ban h\u00e0nh k\u00e8m theo Th\u00f4ng t\u01b0 s\u1ed1 66\/2014\/TT-BCA ng\u00e0y 16\/12\/2014)<\/strong><\/p>\n<p><code><iframe class=\"pdfjs-viewer\" width=\"1100px\" height=\"800px\" src=\"https:\/\/nhonhoiip.com.vn\/wp-content\/plugins\/pdf-viewer\/stable\/web\/viewer.html?file=https:\/\/nhonhoiip.com.vn\/wp-content\/uploads\/2025\/05\/PA-PCCC-cua-co-so-KCN-Nhon-Hoi-Khu-A.pdf\"><\/iframe> <\/code><\/p>\n<!-- AddThis Advanced Settings generic via filter on the_content --><!-- AddThis Share Buttons generic via filter on the_content -->","protected":false},"excerpt":{"rendered":"<p>Ph\u01b0\u01a1ng \u00e1n PCCC c\u1ee7a C\u01a1 s\u1edf KCN Nh\u01a1n H\u1ed9i &#8211; Khu A (ban h\u00e0nh k\u00e8m theo Th\u00f4ng t\u01b0 s\u1ed1 66\/2014\/TT-BCA ng\u00e0y 16\/12\/2014)<!-- AddThis Advanced Settings generic via filter on get_the_excerpt --><!-- AddThis Share Buttons generic via filter on get_the_excerpt --><\/p>","protected":false},"author":1,"featured_media":0,"parent":0,"menu_order":0,"comment_status":"closed","ping_status":"closed","template":"","meta":{"site-sidebar-layout":"default","site-content-layout":"","ast-site-content-layout":"default","site-content-style":"default","site-sidebar-style":"default","ast-global-header-display":"","ast-banner-title-visibility":"","ast-main-header-display":"","ast-hfb-above-header-display":"","ast-hfb-below-header-display":"","ast-hfb-mobile-header-display":"","site-post-title":"","ast-breadcrumbs-content":"","ast-featured-img":"","footer-sml-layout":"","ast-disable-related-posts":"","theme-transparent-header-meta":"default","adv-header-id-meta":"","stick-header-meta":"default","header-above-stick-meta":"","header-main-stick-meta":"","header-below-stick-meta":"","astra-migrate-meta-layouts":"set","ast-page-background-enabled":"default","ast-page-background-meta":{"desktop":{"background-color":"var(--ast-global-color-4)","background-image":"","background-repeat":"repeat","background-position":"center center","background-size":"auto","background-attachment":"scroll","background-type":"","background-media":"","overlay-type":"","overlay-color":"","overlay-opacity":"","overlay-gradient":""},"tablet":{"background-color":"","background-image":"","background-repeat":"repeat","background-position":"center center","background-size":"auto","background-attachment":"scroll","background-type":"","background-media":"","overlay-type":"","overlay-color":"","overlay-opacity":"","overlay-gradient":""},"mobile":{"background-color":"","background-image":"","background-repeat":"repeat","background-position":"center center","background-size":"auto","background-attachment":"scroll","background-type":"","background-media":"","overlay-type":"","overlay-color":"","overlay-opacity":"","overlay-gradient":""}},"ast-content-background-meta":{"desktop":{"background-color":"var(--ast-global-color-5)","background-image":"","background-repeat":"repeat","background-position":"center center","background-size":"auto","background-attachment":"scroll","background-type":"","background-media":"","overlay-type":"","overlay-color":"","overlay-opacity":"","overlay-gradient":""},"tablet":{"background-color":"var(--ast-global-color-5)","background-image":"","background-repeat":"repeat","background-position":"center center","background-size":"auto","background-attachment":"scroll","background-type":"","background-media":"","overlay-type":"","overlay-color":"","overlay-opacity":"","overlay-gradient":""},"mobile":{"background-color":"var(--ast-global-color-5)","background-image":"","background-repeat":"repeat","background-position":"center center","background-size":"auto","background-attachment":"scroll","background-type":"","background-media":"","overlay-type":"","overlay-color":"","overlay-opacity":"","overlay-gradient":""}},"footnotes":""},"class_list":["post-5949","page","type-page","status-publish","hentry"],"yoast_head":"<!-- This site is optimized with the Yoast SEO plugin v27.2 - https:\/\/yoast.com\/product\/yoast-seo-wordpress\/ -->\n<title>Ph\u01b0\u01a1ng \u00e1n PCCC c\u1ee7a C\u01a1 s\u1edf KCN Nh\u01a1n H\u1ed9i - Khu A - KHU C\u00d4NG NGHI\u1ec6P NH\u01a0N H\u1ed8I - KHU A<\/title>\n<meta name=\"robots\" content=\"index, follow, max-snippet:-1, max-image-preview:large, max-video-preview:-1\" \/>\n<link rel=\"canonical\" href=\"https:\/\/nhonhoiip.com.vn\/ko\/phuong-an-pccc-cua-co-so-kcn-nhon-hoi-khu-a\/\" \/>\n<meta property=\"og:locale\" content=\"ko_KR\" \/>\n<meta property=\"og:type\" content=\"article\" \/>\n<meta property=\"og:title\" content=\"Ph\u01b0\u01a1ng \u00e1n PCCC c\u1ee7a C\u01a1 s\u1edf KCN Nh\u01a1n H\u1ed9i - Khu A - KHU C\u00d4NG NGHI\u1ec6P NH\u01a0N H\u1ed8I - KHU A\" \/>\n<meta property=\"og:description\" content=\"Ph\u01b0\u01a1ng \u00e1n PCCC c\u1ee7a C\u01a1 s\u1edf KCN Nh\u01a1n H\u1ed9i &#8211; Khu A (ban h\u00e0nh k\u00e8m theo Th\u00f4ng t\u01b0 s\u1ed1 66\/2014\/TT-BCA ng\u00e0y 16\/12\/2014)\" \/>\n<meta property=\"og:url\" content=\"https:\/\/nhonhoiip.com.vn\/ko\/phuong-an-pccc-cua-co-so-kcn-nhon-hoi-khu-a\/\" \/>\n<meta property=\"og:site_name\" content=\"KHU C\u00d4NG NGHI\u1ec6P NH\u01a0N H\u1ed8I - KHU A\" \/>\n<meta name=\"twitter:card\" content=\"summary_large_image\" \/>\n<meta name=\"twitter:label1\" content=\"\uc608\uc0c1 \ub418\ub294 \ud310\ub3c5 \uc2dc\uac04\" \/>\n\t<meta name=\"twitter:data1\" content=\"1\ubd84\" \/>\n<script type=\"application\/ld+json\" class=\"yoast-schema-graph\">{\"@context\":\"https:\/\/schema.org\",\"@graph\":[{\"@type\":\"WebPage\",\"@id\":\"https:\/\/nhonhoiip.com.vn\/phuong-an-pccc-cua-co-so-kcn-nhon-hoi-khu-a\/\",\"url\":\"https:\/\/nhonhoiip.com.vn\/phuong-an-pccc-cua-co-so-kcn-nhon-hoi-khu-a\/\",\"name\":\"Ph\u01b0\u01a1ng \u00e1n PCCC c\u1ee7a C\u01a1 s\u1edf KCN Nh\u01a1n H\u1ed9i - Khu A - KHU C\u00d4NG NGHI\u1ec6P NH\u01a0N H\u1ed8I - KHU A\",\"isPartOf\":{\"@id\":\"https:\/\/nhonhoiip.com.vn\/#website\"},\"datePublished\":\"2025-05-15T03:36:24+00:00\",\"breadcrumb\":{\"@id\":\"https:\/\/nhonhoiip.com.vn\/phuong-an-pccc-cua-co-so-kcn-nhon-hoi-khu-a\/#breadcrumb\"},\"inLanguage\":\"ko-KR\",\"potentialAction\":[{\"@type\":\"ReadAction\",\"target\":[\"https:\/\/nhonhoiip.com.vn\/phuong-an-pccc-cua-co-so-kcn-nhon-hoi-khu-a\/\"]}]},{\"@type\":\"BreadcrumbList\",\"@id\":\"https:\/\/nhonhoiip.com.vn\/phuong-an-pccc-cua-co-so-kcn-nhon-hoi-khu-a\/#breadcrumb\",\"itemListElement\":[{\"@type\":\"ListItem\",\"position\":1,\"name\":\"Trang ch\u1ee7\",\"item\":\"https:\/\/nhonhoiip.com.vn\/\"},{\"@type\":\"ListItem\",\"position\":2,\"name\":\"Ph\u01b0\u01a1ng \u00e1n PCCC c\u1ee7a C\u01a1 s\u1edf KCN Nh\u01a1n H\u1ed9i &#8211; Khu A\"}]},{\"@type\":\"WebSite\",\"@id\":\"https:\/\/nhonhoiip.com.vn\/#website\",\"url\":\"https:\/\/nhonhoiip.com.vn\/\",\"name\":\"KHU C\u00d4NG NGHI\u1ec6P NH\u01a0N H\u1ed8I - KHU A\",\"description\":\"\",\"publisher\":{\"@id\":\"https:\/\/nhonhoiip.com.vn\/#organization\"},\"potentialAction\":[{\"@type\":\"SearchAction\",\"target\":{\"@type\":\"EntryPoint\",\"urlTemplate\":\"https:\/\/nhonhoiip.com.vn\/?s={search_term_string}\"},\"query-input\":{\"@type\":\"PropertyValueSpecification\",\"valueRequired\":true,\"valueName\":\"search_term_string\"}}],\"inLanguage\":\"ko-KR\"},{\"@type\":\"Organization\",\"@id\":\"https:\/\/nhonhoiip.com.vn\/#organization\",\"name\":\"KHU C\u00d4NG NGHI\u1ec6P NH\u01a0N H\u1ed8I - KHU A\",\"url\":\"https:\/\/nhonhoiip.com.vn\/\",\"logo\":{\"@type\":\"ImageObject\",\"inLanguage\":\"ko-KR\",\"@id\":\"https:\/\/nhonhoiip.com.vn\/#\/schema\/logo\/image\/\",\"url\":\"https:\/\/nhonhoiip.com.vn\/wp-content\/uploads\/2021\/11\/logo.png\",\"contentUrl\":\"https:\/\/nhonhoiip.com.vn\/wp-content\/uploads\/2021\/11\/logo.png\",\"width\":460,\"height\":76,\"caption\":\"KHU C\u00d4NG NGHI\u1ec6P NH\u01a0N H\u1ed8I - KHU A\"},\"image\":{\"@id\":\"https:\/\/nhonhoiip.com.vn\/#\/schema\/logo\/image\/\"}}]}<\/script>\n<!-- \/ Yoast SEO plugin. -->","yoast_head_json":{"title":"Ph\u01b0\u01a1ng \u00e1n PCCC c\u1ee7a C\u01a1 s\u1edf KCN Nh\u01a1n H\u1ed9i - Khu A - KHU C\u00d4NG NGHI\u1ec6P NH\u01a0N H\u1ed8I - KHU A","robots":{"index":"index","follow":"follow","max-snippet":"max-snippet:-1","max-image-preview":"max-image-preview:large","max-video-preview":"max-video-preview:-1"},"canonical":"https:\/\/nhonhoiip.com.vn\/ko\/phuong-an-pccc-cua-co-so-kcn-nhon-hoi-khu-a\/","og_locale":"ko_KR","og_type":"article","og_title":"Ph\u01b0\u01a1ng \u00e1n PCCC c\u1ee7a C\u01a1 s\u1edf KCN Nh\u01a1n H\u1ed9i - Khu A - KHU C\u00d4NG NGHI\u1ec6P NH\u01a0N H\u1ed8I - KHU A","og_description":"Ph\u01b0\u01a1ng \u00e1n PCCC c\u1ee7a C\u01a1 s\u1edf KCN Nh\u01a1n H\u1ed9i &#8211; Khu A (ban h\u00e0nh k\u00e8m theo Th\u00f4ng t\u01b0 s\u1ed1 66\/2014\/TT-BCA ng\u00e0y 16\/12\/2014)","og_url":"https:\/\/nhonhoiip.com.vn\/ko\/phuong-an-pccc-cua-co-so-kcn-nhon-hoi-khu-a\/","og_site_name":"KHU C\u00d4NG NGHI\u1ec6P NH\u01a0N H\u1ed8I - KHU A","twitter_card":"summary_large_image","twitter_misc":{"\uc608\uc0c1 \ub418\ub294 \ud310\ub3c5 \uc2dc\uac04":"1\ubd84"},"schema":{"@context":"https:\/\/schema.org","@graph":[{"@type":"WebPage","@id":"https:\/\/nhonhoiip.com.vn\/phuong-an-pccc-cua-co-so-kcn-nhon-hoi-khu-a\/","url":"https:\/\/nhonhoiip.com.vn\/phuong-an-pccc-cua-co-so-kcn-nhon-hoi-khu-a\/","name":"Ph\u01b0\u01a1ng \u00e1n PCCC c\u1ee7a C\u01a1 s\u1edf KCN Nh\u01a1n H\u1ed9i - Khu A - KHU C\u00d4NG NGHI\u1ec6P NH\u01a0N H\u1ed8I - KHU A","isPartOf":{"@id":"https:\/\/nhonhoiip.com.vn\/#website"},"datePublished":"2025-05-15T03:36:24+00:00","breadcrumb":{"@id":"https:\/\/nhonhoiip.com.vn\/phuong-an-pccc-cua-co-so-kcn-nhon-hoi-khu-a\/#breadcrumb"},"inLanguage":"ko-KR","potentialAction":[{"@type":"ReadAction","target":["https:\/\/nhonhoiip.com.vn\/phuong-an-pccc-cua-co-so-kcn-nhon-hoi-khu-a\/"]}]},{"@type":"BreadcrumbList","@id":"https:\/\/nhonhoiip.com.vn\/phuong-an-pccc-cua-co-so-kcn-nhon-hoi-khu-a\/#breadcrumb","itemListElement":[{"@type":"ListItem","position":1,"name":"Trang ch\u1ee7","item":"https:\/\/nhonhoiip.com.vn\/"},{"@type":"ListItem","position":2,"name":"Ph\u01b0\u01a1ng \u00e1n PCCC c\u1ee7a C\u01a1 s\u1edf KCN Nh\u01a1n H\u1ed9i &#8211; Khu A"}]},{"@type":"WebSite","@id":"https:\/\/nhonhoiip.com.vn\/#website","url":"https:\/\/nhonhoiip.com.vn\/","name":"NHON HOI \uc0b0\uc5c5 \ub2e8\uc9c0 - \uc9c0\uc5ed A","description":"","publisher":{"@id":"https:\/\/nhonhoiip.com.vn\/#organization"},"potentialAction":[{"@type":"SearchAction","target":{"@type":"EntryPoint","urlTemplate":"https:\/\/nhonhoiip.com.vn\/?s={search_term_string}"},"query-input":{"@type":"PropertyValueSpecification","valueRequired":true,"valueName":"search_term_string"}}],"inLanguage":"ko-KR"},{"@type":"Organization","@id":"https:\/\/nhonhoiip.com.vn\/#organization","name":"NHON HOI \uc0b0\uc5c5 \ub2e8\uc9c0 - \uc9c0\uc5ed A","url":"https:\/\/nhonhoiip.com.vn\/","logo":{"@type":"ImageObject","inLanguage":"ko-KR","@id":"https:\/\/nhonhoiip.com.vn\/#\/schema\/logo\/image\/","url":"https:\/\/nhonhoiip.com.vn\/wp-content\/uploads\/2021\/11\/logo.png","contentUrl":"https:\/\/nhonhoiip.com.vn\/wp-content\/uploads\/2021\/11\/logo.png","width":460,"height":76,"caption":"KHU C\u00d4NG NGHI\u1ec6P NH\u01a0N H\u1ed8I - KHU A"},"image":{"@id":"https:\/\/nhonhoiip.com.vn\/#\/schema\/logo\/image\/"}}]}},"_links":{"self":[{"href":"https:\/\/nhonhoiip.com.vn\/ko\/wp-json\/wp\/v2\/pages\/5949","targetHints":{"allow":["GET"]}}],"collection":[{"href":"https:\/\/nhonhoiip.com.vn\/ko\/wp-json\/wp\/v2\/pages"}],"about":[{"href":"https:\/\/nhonhoiip.com.vn\/ko\/wp-json\/wp\/v2\/types\/page"}],"author":[{"embeddable":true,"href":"https:\/\/nhonhoiip.com.vn\/ko\/wp-json\/wp\/v2\/users\/1"}],"replies":[{"embeddable":true,"href":"https:\/\/nhonhoiip.com.vn\/ko\/wp-json\/wp\/v2\/comments?post=5949"}],"version-history":[{"count":0,"href":"https:\/\/nhonhoiip.com.vn\/ko\/wp-json\/wp\/v2\/pages\/5949\/revisions"}],"wp:attachment":[{"href":"https:\/\/nhonhoiip.com.vn\/ko\/wp-json\/wp\/v2\/media?parent=5949"}],"curies":[{"name":"wp","href":"https:\/\/api.w.org\/{rel}","templated":true}]}}