{"id":676,"date":"2021-11-11T15:59:27","date_gmt":"2021-11-11T08:59:27","guid":{"rendered":"https:\/\/nhonhoiip.com.vn\/?page_id=676"},"modified":"2024-12-06T16:27:28","modified_gmt":"2024-12-06T09:27:28","slug":"bieu-mau","status":"publish","type":"page","link":"https:\/\/nhonhoiip.com.vn\/ko\/bieu-mau\/","title":{"rendered":"\ud615\ud0dc"},"content":{"rendered":"<div data-elementor-type=\"wp-page\" data-elementor-id=\"676\" class=\"elementor elementor-676\" data-elementor-post-type=\"page\">\n\t\t\t\t\t\t<section class=\"elementor-section elementor-top-section elementor-element elementor-element-5080aea elementor-section-boxed elementor-section-height-default elementor-section-height-default\" data-id=\"5080aea\" data-element_type=\"section\" data-e-type=\"section\" data-settings=\"{&quot;background_background&quot;:&quot;classic&quot;,&quot;jet_parallax_layout_list&quot;:[]}\">\n\t\t\t\t\t\t\t<div class=\"elementor-background-overlay\"><\/div>\n\t\t\t\t\t\t\t<div class=\"elementor-container elementor-column-gap-default\">\n\t\t\t\t\t<div class=\"elementor-column elementor-col-100 elementor-top-column elementor-element elementor-element-67a71fd\" data-id=\"67a71fd\" data-element_type=\"column\" data-e-type=\"column\">\n\t\t\t<div class=\"elementor-widget-wrap elementor-element-populated\">\n\t\t\t\t\t\t<section class=\"elementor-section elementor-inner-section elementor-element elementor-element-739bde2 elementor-section-boxed elementor-section-height-default elementor-section-height-default\" data-id=\"739bde2\" data-element_type=\"section\" data-e-type=\"section\" data-settings=\"{&quot;jet_parallax_layout_list&quot;:[]}\">\n\t\t\t\t\t\t<div class=\"elementor-container elementor-column-gap-default\">\n\t\t\t\t\t<div class=\"elementor-column elementor-col-100 elementor-inner-column elementor-element elementor-element-f76a722 elementor-invisible\" data-id=\"f76a722\" data-element_type=\"column\" data-e-type=\"column\" data-settings=\"{&quot;animation&quot;:&quot;fadeInLeft&quot;}\">\n\t\t\t<div class=\"elementor-widget-wrap elementor-element-populated\">\n\t\t\t\t\t\t<div class=\"elementor-element elementor-element-6978e97 elementor-widget elementor-widget-breadcrumbs\" data-id=\"6978e97\" data-element_type=\"widget\" data-e-type=\"widget\" data-widget_type=\"breadcrumbs.default\">\n\t\t\t\t<div class=\"elementor-widget-container\">\n\t\t\t\t\t<p id=\"breadcrumbs\"><span><span><a href=\"https:\/\/nhonhoiip.com.vn\/ko\/\"><i class=\"fa fa-home\"><\/i>\ud648\ud398\uc774\uc9c0<\/a><\/span><\/span><\/p>\t\t\t\t<\/div>\n\t\t\t\t<\/div>\n\t\t\t\t\t<\/div>\n\t\t<\/div>\n\t\t\t\t\t<\/div>\n\t\t<\/section>\n\t\t\t\t\t<\/div>\n\t\t<\/div>\n\t\t\t\t\t<\/div>\n\t\t<\/section>\n\t\t\t\t<section class=\"elementor-section elementor-top-section elementor-element elementor-element-8316b99 elementor-section-full_width elementor-section-height-default elementor-section-height-default\" data-id=\"8316b99\" data-element_type=\"section\" data-e-type=\"section\" data-settings=\"{&quot;background_background&quot;:&quot;classic&quot;,&quot;jet_parallax_layout_list&quot;:[]}\">\n\t\t\t\t\t\t\t<div class=\"elementor-background-overlay\"><\/div>\n\t\t\t\t\t\t\t<div class=\"elementor-container elementor-column-gap-default\">\n\t\t\t\t\t<div class=\"elementor-column elementor-col-100 elementor-top-column elementor-element elementor-element-632863b\" data-id=\"632863b\" data-element_type=\"column\" data-e-type=\"column\">\n\t\t\t<div class=\"elementor-widget-wrap elementor-element-populated\">\n\t\t\t\t\t\t<div class=\"elementor-element elementor-element-980fb59 elementor-widget elementor-widget-html\" data-id=\"980fb59\" data-element_type=\"widget\" data-e-type=\"widget\" data-widget_type=\"html.default\">\n\t\t\t\t<div class=\"elementor-widget-container\">\n\t\t\t\t\t<marquee class=\"text-chay\">Khu c\u00f4ng nghi\u1ec7p Nh\u01a1n H\u1ed9i - Khu A - \u0110i\u1ec3m \u0111\u1ebfn l\u00fd t\u01b0\u1edfng cho nh\u00e0 \u0111\u1ea7u t\u01b0  Hotline: 0256 3822427 - 0905 677 990<\/marquee>\t\t\t\t<\/div>\n\t\t\t\t<\/div>\n\t\t\t\t\t<\/div>\n\t\t<\/div>\n\t\t\t\t\t<\/div>\n\t\t<\/section>\n\t\t\t\t<section class=\"elementor-section elementor-top-section elementor-element elementor-element-1573581 elementor-section-boxed elementor-section-height-default elementor-section-height-default\" data-id=\"1573581\" data-element_type=\"section\" data-e-type=\"section\" data-settings=\"{&quot;jet_parallax_layout_list&quot;:[]}\">\n\t\t\t\t\t\t<div class=\"elementor-container elementor-column-gap-default\">\n\t\t\t\t\t<div class=\"elementor-column elementor-col-50 elementor-top-column elementor-element elementor-element-01feec9\" data-id=\"01feec9\" data-element_type=\"column\" data-e-type=\"column\">\n\t\t\t<div class=\"elementor-widget-wrap elementor-element-populated\">\n\t\t\t\t\t\t<section class=\"elementor-section elementor-inner-section elementor-element elementor-element-dbe6dac elementor-section-boxed elementor-section-height-default elementor-section-height-default\" data-id=\"dbe6dac\" data-element_type=\"section\" data-e-type=\"section\" data-settings=\"{&quot;jet_parallax_layout_list&quot;:[]}\">\n\t\t\t\t\t\t<div class=\"elementor-container elementor-column-gap-default\">\n\t\t\t\t\t<div class=\"elementor-column elementor-col-100 elementor-inner-column elementor-element elementor-element-667dad6\" data-id=\"667dad6\" data-element_type=\"column\" data-e-type=\"column\" data-settings=\"{&quot;background_background&quot;:&quot;classic&quot;}\">\n\t\t\t<div class=\"elementor-widget-wrap elementor-element-populated\">\n\t\t\t\t\t\t<div class=\"elementor-element elementor-element-f4e8da9 css_title elementor-widget__width-auto elementor-widget elementor-widget-heading\" data-id=\"f4e8da9\" data-element_type=\"widget\" data-e-type=\"widget\" data-widget_type=\"heading.default\">\n\t\t\t\t<div class=\"elementor-widget-container\">\n\t\t\t\t\t<h2 class=\"elementor-heading-title elementor-size-default\">\ud615\ud0dc<\/h2>\t\t\t\t<\/div>\n\t\t\t\t<\/div>\n\t\t\t\t\t<\/div>\n\t\t<\/div>\n\t\t\t\t\t<\/div>\n\t\t<\/section>\n\t\t\t\t<section class=\"elementor-section elementor-inner-section elementor-element elementor-element-ffbce6a elementor-section-boxed elementor-section-height-default elementor-section-height-default\" data-id=\"ffbce6a\" data-element_type=\"section\" data-e-type=\"section\" data-settings=\"{&quot;jet_parallax_layout_list&quot;:[]}\">\n\t\t\t\t\t\t<div class=\"elementor-container elementor-column-gap-default\">\n\t\t\t\t\t<div class=\"elementor-column elementor-col-100 elementor-inner-column elementor-element elementor-element-bc72c35\" data-id=\"bc72c35\" data-element_type=\"column\" data-e-type=\"column\">\n\t\t\t<div class=\"elementor-widget-wrap elementor-element-populated\">\n\t\t\t\t\t\t<div class=\"elementor-element elementor-element-eb9fbf2 css_noi_text elementor-widget elementor-widget-text-editor\" data-id=\"eb9fbf2\" data-element_type=\"widget\" data-e-type=\"widget\" data-widget_type=\"text-editor.default\">\n\t\t\t\t<div class=\"elementor-widget-container\">\n\t\t\t\t\t\t\t\t\t<p><a href=\"https:\/\/nhonhoiip.com.vn\/wp-content\/uploads\/2021\/11\/Dexuatduandautu-wl2.doc\">1. \u0110\u1ec1 xu\u1ea5t d\u1ef1 \u00e1n \u0111\u1ea7u t\u01b0<\/a><\/p><p><a href=\"https:\/\/nhonhoiip.com.vn\/wp-content\/uploads\/2021\/11\/Vanbandenghithuchienduandautu-mua.doc\">2. V\u0103n b\u1ea3n \u0111\u1ec1 ngh\u1ecb th\u1ef1c hi\u1ec7n d\u1ef1 \u00e1n \u0111\u1ea7u t\u01b0<\/a><\/p><p><a href=\"https:\/\/nhonhoiip.com.vn\/wp-content\/uploads\/2021\/11\/Hosodautu-u1e.doc\">3. H\u1ed3 s\u01a1 \u0111\u1ea7u t\u01b0<\/a><\/p><p><a href=\"https:\/\/nhonhoiip.com.vn\/wp-content\/uploads\/2021\/11\/Giaydangkysudungnuoc-pyu.docx\">4. Gi\u1ea5y \u0111\u0103ng k\u00ed s\u1eed d\u1ee5ng n\u01b0\u1edbc<\/a><\/p><p><a href=\"https:\/\/nhonhoiip.com.vn\/wp-content\/uploads\/2021\/11\/1555646635172019QD-UBND2019-cn6.pdf\">5. Quy\u1ebft \u0111\u1ecbnh<\/a><\/p>\t\t\t\t\t\t\t\t<\/div>\n\t\t\t\t<\/div>\n\t\t\t\t\t<\/div>\n\t\t<\/div>\n\t\t\t\t\t<\/div>\n\t\t<\/section>\n\t\t\t\t\t<\/div>\n\t\t<\/div>\n\t\t\t\t<div class=\"elementor-column elementor-col-50 elementor-top-column elementor-element elementor-element-9c90de5\" data-id=\"9c90de5\" data-element_type=\"column\" data-e-type=\"column\">\n\t\t\t<div class=\"elementor-widget-wrap elementor-element-populated\">\n\t\t\t\t\t\t<section class=\"elementor-section elementor-inner-section elementor-element elementor-element-d391581 elementor-section-boxed elementor-section-height-default elementor-section-height-default\" data-id=\"d391581\" data-element_type=\"section\" data-e-type=\"section\" data-settings=\"{&quot;jet_parallax_layout_list&quot;:[]}\">\n\t\t\t\t\t\t<div class=\"elementor-container elementor-column-gap-default\">\n\t\t\t\t\t<div class=\"elementor-column elementor-col-100 elementor-inner-column elementor-element elementor-element-6432193\" data-id=\"6432193\" data-element_type=\"column\" data-e-type=\"column\">\n\t\t\t<div class=\"elementor-widget-wrap elementor-element-populated\">\n\t\t\t\t\t\t<div class=\"elementor-element elementor-element-bd8231b elementor-nav-menu--dropdown-none css_menu_tc elementor-widget elementor-widget-nav-menu\" data-id=\"bd8231b\" data-element_type=\"widget\" data-e-type=\"widget\" data-settings=\"{&quot;layout&quot;:&quot;vertical&quot;,&quot;submenu_icon&quot;:{&quot;value&quot;:&quot;&lt;i class=\\&quot;fas fa-caret-down\\&quot; aria-hidden=\\&quot;true\\&quot;&gt;&lt;\\\/i&gt;&quot;,&quot;library&quot;:&quot;fa-solid&quot;}}\" data-widget_type=\"nav-menu.default\">\n\t\t\t\t<div class=\"elementor-widget-container\">\n\t\t\t\t\t\t\t\t<nav aria-label=\"Menu\" class=\"elementor-nav-menu--main elementor-nav-menu__container elementor-nav-menu--layout-vertical e--pointer-none\">\n\t\t\t\t<ul id=\"menu-1-bd8231b\" class=\"elementor-nav-menu sm-vertical\"><li class=\"menu-item menu-item-type-post_type menu-item-object-page menu-item-682\"><a href=\"https:\/\/nhonhoiip.com.vn\/ko\/van-ban-phap-luat\/\" class=\"elementor-item menu-link\">\ubc95\ub960 \uc81c\uc815<\/a><\/li>\n<li class=\"menu-item menu-item-type-post_type menu-item-object-page menu-item-681\"><a href=\"https:\/\/nhonhoiip.com.vn\/ko\/bieu-mau\/\" class=\"elementor-item menu-link\">\ud615\ud0dc<\/a><\/li>\n<li class=\"menu-item menu-item-type-post_type menu-item-object-page menu-item-5135\"><a href=\"https:\/\/nhonhoiip.com.vn\/ko\/quy-che-bao-ve-moi-truong\/\" class=\"elementor-item menu-link\">Quy ch\u1ebf B\u1ea3o v\u1ec7 m\u00f4i tr\u01b0\u1eddng<\/a><\/li>\n<\/ul>\t\t\t<\/nav>\n\t\t\t\t\t\t<nav class=\"elementor-nav-menu--dropdown elementor-nav-menu__container\" aria-hidden=\"true\">\n\t\t\t\t<ul id=\"menu-2-bd8231b\" class=\"elementor-nav-menu sm-vertical\"><li class=\"menu-item menu-item-type-post_type menu-item-object-page menu-item-682\"><a href=\"https:\/\/nhonhoiip.com.vn\/ko\/van-ban-phap-luat\/\" class=\"elementor-item menu-link\" tabindex=\"-1\">\ubc95\ub960 \uc81c\uc815<\/a><\/li>\n<li class=\"menu-item menu-item-type-post_type menu-item-object-page menu-item-681\"><a href=\"https:\/\/nhonhoiip.com.vn\/ko\/bieu-mau\/\" class=\"elementor-item menu-link\" tabindex=\"-1\">\ud615\ud0dc<\/a><\/li>\n<li class=\"menu-item menu-item-type-post_type menu-item-object-page menu-item-5135\"><a href=\"https:\/\/nhonhoiip.com.vn\/ko\/quy-che-bao-ve-moi-truong\/\" class=\"elementor-item menu-link\" tabindex=\"-1\">Quy ch\u1ebf B\u1ea3o v\u1ec7 m\u00f4i tr\u01b0\u1eddng<\/a><\/li>\n<\/ul>\t\t\t<\/nav>\n\t\t\t\t\t\t<\/div>\n\t\t\t\t<\/div>\n\t\t\t\t\t<\/div>\n\t\t<\/div>\n\t\t\t\t\t<\/div>\n\t\t<\/section>\n\t\t\t\t\t<\/div>\n\t\t<\/div>\n\t\t\t\t\t<\/div>\n\t\t<\/section>\n\t\t\t\t<\/div>\n\t\t<!-- AddThis Advanced Settings generic via filter on the_content --><!-- AddThis Share Buttons generic via filter on the_content -->","protected":false},"excerpt":{"rendered":"<p>Khu c\u00f4ng nghi\u1ec7p Nh\u01a1n H\u1ed9i &#8211; Khu A &#8211; \u0110i\u1ec3m \u0111\u1ebfn l\u00fd t\u01b0\u1edfng cho nh\u00e0 \u0111\u1ea7u t\u01b0 Hotline: 0256 3822427 &#8211; 0905 677 990 Bi\u1ec3u m\u1eabu 1. \u0110\u1ec1 xu\u1ea5t d\u1ef1 \u00e1n \u0111\u1ea7u t\u01b0 2. V\u0103n b\u1ea3n \u0111\u1ec1 ngh\u1ecb th\u1ef1c hi\u1ec7n d\u1ef1 \u00e1n \u0111\u1ea7u t\u01b0 3. H\u1ed3 s\u01a1 \u0111\u1ea7u t\u01b0 4. Gi\u1ea5y \u0111\u0103ng k\u00ed s\u1eed d\u1ee5ng [&hellip;]<!-- AddThis Advanced Settings generic via filter on get_the_excerpt --><!-- AddThis Share Buttons generic via filter on get_the_excerpt --><\/p>\n","protected":false},"author":1,"featured_media":0,"parent":0,"menu_order":0,"comment_status":"closed","ping_status":"closed","template":"elementor_header_footer","meta":{"site-sidebar-layout":"no-sidebar","site-content-layout":"page-builder","ast-site-content-layout":"default","site-content-style":"default","site-sidebar-style":"default","ast-global-header-display":"","ast-banner-title-visibility":"","ast-main-header-display":"","ast-hfb-above-header-display":"","ast-hfb-below-header-display":"","ast-hfb-mobile-header-display":"","site-post-title":"disabled","ast-breadcrumbs-content":"","ast-featured-img":"disabled","footer-sml-layout":"","ast-disable-related-posts":"","theme-transparent-header-meta":"default","adv-header-id-meta":"","stick-header-meta":"default","header-above-stick-meta":"","header-main-stick-meta":"","header-below-stick-meta":"","astra-migrate-meta-layouts":"default","ast-page-background-enabled":"default","ast-page-background-meta":{"desktop":{"background-color":"var(--ast-global-color-4)","background-image":"","background-repeat":"repeat","background-position":"center center","background-size":"auto","background-attachment":"scroll","background-type":"","background-media":"","overlay-type":"","overlay-color":"","overlay-opacity":"","overlay-gradient":""},"tablet":{"background-color":"","background-image":"","background-repeat":"repeat","background-position":"center center","background-size":"auto","background-attachment":"scroll","background-type":"","background-media":"","overlay-type":"","overlay-color":"","overlay-opacity":"","overlay-gradient":""},"mobile":{"background-color":"","background-image":"","background-repeat":"repeat","background-position":"center center","background-size":"auto","background-attachment":"scroll","background-type":"","background-media":"","overlay-type":"","overlay-color":"","overlay-opacity":"","overlay-gradient":""}},"ast-content-background-meta":{"desktop":{"background-color":"var(--ast-global-color-5)","background-image":"","background-repeat":"repeat","background-position":"center center","background-size":"auto","background-attachment":"scroll","background-type":"","background-media":"","overlay-type":"","overlay-color":"","overlay-opacity":"","overlay-gradient":""},"tablet":{"background-color":"var(--ast-global-color-5)","background-image":"","background-repeat":"repeat","background-position":"center center","background-size":"auto","background-attachment":"scroll","background-type":"","background-media":"","overlay-type":"","overlay-color":"","overlay-opacity":"","overlay-gradient":""},"mobile":{"background-color":"var(--ast-global-color-5)","background-image":"","background-repeat":"repeat","background-position":"center center","background-size":"auto","background-attachment":"scroll","background-type":"","background-media":"","overlay-type":"","overlay-color":"","overlay-opacity":"","overlay-gradient":""}},"footnotes":""},"class_list":["post-676","page","type-page","status-publish","hentry"],"yoast_head":"<!-- This site is optimized with the Yoast SEO plugin v27.2 - https:\/\/yoast.com\/product\/yoast-seo-wordpress\/ -->\n<title>Bi\u1ec3u m\u1eabu - KHU C\u00d4NG NGHI\u1ec6P NH\u01a0N H\u1ed8I - KHU A<\/title>\n<meta name=\"description\" content=\"C\u00e1c bi\u1ec3u m\u1eabu t\u1ea1i KCN Nh\u01a1n H\u1ed9i - Khu A: \u0110\u1ec1 xu\u1ea5t d\u1ef1 \u00e1n \u0111\u1ea7u t\u01b0, v\u0103n b\u1ea3n \u0111\u1ec1 ngh\u1ecb th\u1ef1c hi\u1ec7n d\u1ef1 \u00e1n \u0111\u1ea7u t\u01b0, h\u1ed3 s\u01a1 \u0111\u1ea7u t\u01b0,...\" \/>\n<meta name=\"robots\" content=\"index, follow, max-snippet:-1, max-image-preview:large, max-video-preview:-1\" \/>\n<link rel=\"canonical\" href=\"https:\/\/nhonhoiip.com.vn\/ko\/bieu-mau\/\" \/>\n<meta property=\"og:locale\" content=\"ko_KR\" \/>\n<meta property=\"og:type\" content=\"article\" \/>\n<meta property=\"og:title\" content=\"Bi\u1ec3u m\u1eabu - KHU C\u00d4NG NGHI\u1ec6P NH\u01a0N H\u1ed8I - KHU A\" \/>\n<meta property=\"og:description\" content=\"C\u00e1c bi\u1ec3u m\u1eabu t\u1ea1i KCN Nh\u01a1n H\u1ed9i - Khu A: \u0110\u1ec1 xu\u1ea5t d\u1ef1 \u00e1n \u0111\u1ea7u t\u01b0, v\u0103n b\u1ea3n \u0111\u1ec1 ngh\u1ecb th\u1ef1c hi\u1ec7n d\u1ef1 \u00e1n \u0111\u1ea7u t\u01b0, h\u1ed3 s\u01a1 \u0111\u1ea7u t\u01b0,...\" \/>\n<meta property=\"og:url\" content=\"https:\/\/nhonhoiip.com.vn\/ko\/bieu-mau\/\" \/>\n<meta property=\"og:site_name\" content=\"KHU C\u00d4NG NGHI\u1ec6P NH\u01a0N H\u1ed8I - KHU A\" \/>\n<meta property=\"article:modified_time\" content=\"2024-12-06T09:27:28+00:00\" \/>\n<meta name=\"twitter:card\" content=\"summary_large_image\" \/>\n<meta name=\"twitter:label1\" content=\"\uc608\uc0c1 \ub418\ub294 \ud310\ub3c5 \uc2dc\uac04\" \/>\n\t<meta name=\"twitter:data1\" content=\"1\ubd84\" \/>\n<script type=\"application\/ld+json\" class=\"yoast-schema-graph\">{\"@context\":\"https:\/\/schema.org\",\"@graph\":[{\"@type\":\"WebPage\",\"@id\":\"https:\/\/nhonhoiip.com.vn\/bieu-mau\/\",\"url\":\"https:\/\/nhonhoiip.com.vn\/bieu-mau\/\",\"name\":\"Bi\u1ec3u m\u1eabu - KHU C\u00d4NG NGHI\u1ec6P NH\u01a0N H\u1ed8I - KHU A\",\"isPartOf\":{\"@id\":\"https:\/\/nhonhoiip.com.vn\/#website\"},\"datePublished\":\"2021-11-11T08:59:27+00:00\",\"dateModified\":\"2024-12-06T09:27:28+00:00\",\"description\":\"C\u00e1c bi\u1ec3u m\u1eabu t\u1ea1i KCN Nh\u01a1n H\u1ed9i - Khu A: \u0110\u1ec1 xu\u1ea5t d\u1ef1 \u00e1n \u0111\u1ea7u t\u01b0, v\u0103n b\u1ea3n \u0111\u1ec1 ngh\u1ecb th\u1ef1c hi\u1ec7n d\u1ef1 \u00e1n \u0111\u1ea7u t\u01b0, h\u1ed3 s\u01a1 \u0111\u1ea7u t\u01b0,...\",\"breadcrumb\":{\"@id\":\"https:\/\/nhonhoiip.com.vn\/bieu-mau\/#breadcrumb\"},\"inLanguage\":\"ko-KR\",\"potentialAction\":[{\"@type\":\"ReadAction\",\"target\":[\"https:\/\/nhonhoiip.com.vn\/bieu-mau\/\"]}]},{\"@type\":\"BreadcrumbList\",\"@id\":\"https:\/\/nhonhoiip.com.vn\/bieu-mau\/#breadcrumb\",\"itemListElement\":[{\"@type\":\"ListItem\",\"position\":1,\"name\":\"Trang ch\u1ee7\",\"item\":\"https:\/\/nhonhoiip.com.vn\/\"},{\"@type\":\"ListItem\",\"position\":2,\"name\":\"Bi\u1ec3u m\u1eabu\"}]},{\"@type\":\"WebSite\",\"@id\":\"https:\/\/nhonhoiip.com.vn\/#website\",\"url\":\"https:\/\/nhonhoiip.com.vn\/\",\"name\":\"KHU C\u00d4NG NGHI\u1ec6P NH\u01a0N H\u1ed8I - KHU A\",\"description\":\"\",\"publisher\":{\"@id\":\"https:\/\/nhonhoiip.com.vn\/#organization\"},\"potentialAction\":[{\"@type\":\"SearchAction\",\"target\":{\"@type\":\"EntryPoint\",\"urlTemplate\":\"https:\/\/nhonhoiip.com.vn\/?s={search_term_string}\"},\"query-input\":{\"@type\":\"PropertyValueSpecification\",\"valueRequired\":true,\"valueName\":\"search_term_string\"}}],\"inLanguage\":\"ko-KR\"},{\"@type\":\"Organization\",\"@id\":\"https:\/\/nhonhoiip.com.vn\/#organization\",\"name\":\"KHU C\u00d4NG NGHI\u1ec6P NH\u01a0N H\u1ed8I - KHU A\",\"url\":\"https:\/\/nhonhoiip.com.vn\/\",\"logo\":{\"@type\":\"ImageObject\",\"inLanguage\":\"ko-KR\",\"@id\":\"https:\/\/nhonhoiip.com.vn\/#\/schema\/logo\/image\/\",\"url\":\"https:\/\/nhonhoiip.com.vn\/wp-content\/uploads\/2021\/11\/logo.png\",\"contentUrl\":\"https:\/\/nhonhoiip.com.vn\/wp-content\/uploads\/2021\/11\/logo.png\",\"width\":460,\"height\":76,\"caption\":\"KHU C\u00d4NG NGHI\u1ec6P NH\u01a0N H\u1ed8I - KHU A\"},\"image\":{\"@id\":\"https:\/\/nhonhoiip.com.vn\/#\/schema\/logo\/image\/\"}}]}<\/script>\n<!-- \/ Yoast SEO plugin. -->","yoast_head_json":{"title":"Bi\u1ec3u m\u1eabu - KHU C\u00d4NG NGHI\u1ec6P NH\u01a0N H\u1ed8I - KHU A","description":"C\u00e1c bi\u1ec3u m\u1eabu t\u1ea1i KCN Nh\u01a1n H\u1ed9i - Khu A: \u0110\u1ec1 xu\u1ea5t d\u1ef1 \u00e1n \u0111\u1ea7u t\u01b0, v\u0103n b\u1ea3n \u0111\u1ec1 ngh\u1ecb th\u1ef1c hi\u1ec7n d\u1ef1 \u00e1n \u0111\u1ea7u t\u01b0, h\u1ed3 s\u01a1 \u0111\u1ea7u t\u01b0,...","robots":{"index":"index","follow":"follow","max-snippet":"max-snippet:-1","max-image-preview":"max-image-preview:large","max-video-preview":"max-video-preview:-1"},"canonical":"https:\/\/nhonhoiip.com.vn\/ko\/bieu-mau\/","og_locale":"ko_KR","og_type":"article","og_title":"Bi\u1ec3u m\u1eabu - KHU C\u00d4NG NGHI\u1ec6P NH\u01a0N H\u1ed8I - KHU A","og_description":"C\u00e1c bi\u1ec3u m\u1eabu t\u1ea1i KCN Nh\u01a1n H\u1ed9i - Khu A: \u0110\u1ec1 xu\u1ea5t d\u1ef1 \u00e1n \u0111\u1ea7u t\u01b0, v\u0103n b\u1ea3n \u0111\u1ec1 ngh\u1ecb th\u1ef1c hi\u1ec7n d\u1ef1 \u00e1n \u0111\u1ea7u t\u01b0, h\u1ed3 s\u01a1 \u0111\u1ea7u t\u01b0,...","og_url":"https:\/\/nhonhoiip.com.vn\/ko\/bieu-mau\/","og_site_name":"KHU C\u00d4NG NGHI\u1ec6P NH\u01a0N H\u1ed8I - KHU A","article_modified_time":"2024-12-06T09:27:28+00:00","twitter_card":"summary_large_image","twitter_misc":{"\uc608\uc0c1 \ub418\ub294 \ud310\ub3c5 \uc2dc\uac04":"1\ubd84"},"schema":{"@context":"https:\/\/schema.org","@graph":[{"@type":"WebPage","@id":"https:\/\/nhonhoiip.com.vn\/bieu-mau\/","url":"https:\/\/nhonhoiip.com.vn\/bieu-mau\/","name":"Bi\u1ec3u m\u1eabu - KHU C\u00d4NG NGHI\u1ec6P NH\u01a0N H\u1ed8I - KHU A","isPartOf":{"@id":"https:\/\/nhonhoiip.com.vn\/#website"},"datePublished":"2021-11-11T08:59:27+00:00","dateModified":"2024-12-06T09:27:28+00:00","description":"C\u00e1c bi\u1ec3u m\u1eabu t\u1ea1i KCN Nh\u01a1n H\u1ed9i - Khu A: \u0110\u1ec1 xu\u1ea5t d\u1ef1 \u00e1n \u0111\u1ea7u t\u01b0, v\u0103n b\u1ea3n \u0111\u1ec1 ngh\u1ecb th\u1ef1c hi\u1ec7n d\u1ef1 \u00e1n \u0111\u1ea7u t\u01b0, h\u1ed3 s\u01a1 \u0111\u1ea7u t\u01b0,...","breadcrumb":{"@id":"https:\/\/nhonhoiip.com.vn\/bieu-mau\/#breadcrumb"},"inLanguage":"ko-KR","potentialAction":[{"@type":"ReadAction","target":["https:\/\/nhonhoiip.com.vn\/bieu-mau\/"]}]},{"@type":"BreadcrumbList","@id":"https:\/\/nhonhoiip.com.vn\/bieu-mau\/#breadcrumb","itemListElement":[{"@type":"ListItem","position":1,"name":"Trang ch\u1ee7","item":"https:\/\/nhonhoiip.com.vn\/"},{"@type":"ListItem","position":2,"name":"Bi\u1ec3u m\u1eabu"}]},{"@type":"WebSite","@id":"https:\/\/nhonhoiip.com.vn\/#website","url":"https:\/\/nhonhoiip.com.vn\/","name":"NHON HOI \uc0b0\uc5c5 \ub2e8\uc9c0 - \uc9c0\uc5ed A","description":"","publisher":{"@id":"https:\/\/nhonhoiip.com.vn\/#organization"},"potentialAction":[{"@type":"SearchAction","target":{"@type":"EntryPoint","urlTemplate":"https:\/\/nhonhoiip.com.vn\/?s={search_term_string}"},"query-input":{"@type":"PropertyValueSpecification","valueRequired":true,"valueName":"search_term_string"}}],"inLanguage":"ko-KR"},{"@type":"Organization","@id":"https:\/\/nhonhoiip.com.vn\/#organization","name":"NHON HOI \uc0b0\uc5c5 \ub2e8\uc9c0 - \uc9c0\uc5ed A","url":"https:\/\/nhonhoiip.com.vn\/","logo":{"@type":"ImageObject","inLanguage":"ko-KR","@id":"https:\/\/nhonhoiip.com.vn\/#\/schema\/logo\/image\/","url":"https:\/\/nhonhoiip.com.vn\/wp-content\/uploads\/2021\/11\/logo.png","contentUrl":"https:\/\/nhonhoiip.com.vn\/wp-content\/uploads\/2021\/11\/logo.png","width":460,"height":76,"caption":"KHU C\u00d4NG NGHI\u1ec6P NH\u01a0N H\u1ed8I - KHU A"},"image":{"@id":"https:\/\/nhonhoiip.com.vn\/#\/schema\/logo\/image\/"}}]}},"_links":{"self":[{"href":"https:\/\/nhonhoiip.com.vn\/ko\/wp-json\/wp\/v2\/pages\/676","targetHints":{"allow":["GET"]}}],"collection":[{"href":"https:\/\/nhonhoiip.com.vn\/ko\/wp-json\/wp\/v2\/pages"}],"about":[{"href":"https:\/\/nhonhoiip.com.vn\/ko\/wp-json\/wp\/v2\/types\/page"}],"author":[{"embeddable":true,"href":"https:\/\/nhonhoiip.com.vn\/ko\/wp-json\/wp\/v2\/users\/1"}],"replies":[{"embeddable":true,"href":"https:\/\/nhonhoiip.com.vn\/ko\/wp-json\/wp\/v2\/comments?post=676"}],"version-history":[{"count":0,"href":"https:\/\/nhonhoiip.com.vn\/ko\/wp-json\/wp\/v2\/pages\/676\/revisions"}],"wp:attachment":[{"href":"https:\/\/nhonhoiip.com.vn\/ko\/wp-json\/wp\/v2\/media?parent=676"}],"curies":[{"name":"wp","href":"https:\/\/api.w.org\/{rel}","templated":true}]}}