{"id":5132,"date":"2024-09-10T10:02:06","date_gmt":"2024-09-10T03:02:06","guid":{"rendered":"https:\/\/nhonhoiip.com.vn\/?page_id=5132"},"modified":"2024-09-12T09:02:23","modified_gmt":"2024-09-12T02:02:23","slug":"quy-che-bao-ve-moi-truong","status":"publish","type":"page","link":"https:\/\/nhonhoiip.com.vn\/zh\/quy-che-bao-ve-moi-truong\/","title":{"rendered":"Quy ch\u1ebf B\u1ea3o v\u1ec7 m\u00f4i tr\u01b0\u1eddng"},"content":{"rendered":"<p><strong>Quy ch\u1ebf b\u1ea3o v\u1ec7 m\u00f4i tr\u01b0\u1eddng KCN Nh\u01a1n H\u1ed9i &#8211; Khu A (k\u00e8m theo Quy\u1ebft \u0111\u1ecbnh s\u1ed1 20\/Q\u0110-SNP ng\u00e0y 30 th\u00e1ng 09 n\u0103m 2023 c\u1ee7a C\u00f4ng ty CP KCN S\u00e0i G\u00f2n &#8211; Nh\u01a1n H\u1ed9i<\/strong><\/p>\n<p><code><iframe class=\"pdfjs-viewer\" width=\"1100px\" height=\"800px\" src=\"https:\/\/nhonhoiip.com.vn\/wp-content\/plugins\/pdf-viewer\/stable\/web\/viewer.html?file=https:\/\/nhonhoiip.com.vn\/wp-content\/uploads\/2024\/09\/Quy-che-bao-ve-moi-truong-KCN-A-kem-theo-QD-so-20-ngay-30.9.2023.pdf\"><\/iframe> <\/code><\/p>\n<!-- AddThis Advanced Settings generic via filter on the_content --><!-- AddThis Share Buttons generic via filter on the_content -->","protected":false},"excerpt":{"rendered":"<p>Quy ch\u1ebf b\u1ea3o v\u1ec7 m\u00f4i tr\u01b0\u1eddng KCN Nh\u01a1n H\u1ed9i &#8211; Khu A (k\u00e8m theo Quy\u1ebft \u0111\u1ecbnh s\u1ed1 20\/Q\u0110-SNP ng\u00e0y 30 th\u00e1ng 09 n\u0103m 2023 c\u1ee7a C\u00f4ng ty CP KCN S\u00e0i G\u00f2n &#8211; Nh\u01a1n H\u1ed9i<!-- AddThis Advanced Settings generic via filter on get_the_excerpt --><!-- AddThis Share Buttons generic via filter on get_the_excerpt --><\/p>","protected":false},"author":1,"featured_media":0,"parent":0,"menu_order":0,"comment_status":"closed","ping_status":"closed","template":"","meta":{"site-sidebar-layout":"default","site-content-layout":"","ast-site-content-layout":"default","site-content-style":"default","site-sidebar-style":"default","ast-global-header-display":"","ast-banner-title-visibility":"","ast-main-header-display":"","ast-hfb-above-header-display":"","ast-hfb-below-header-display":"","ast-hfb-mobile-header-display":"","site-post-title":"","ast-breadcrumbs-content":"","ast-featured-img":"","footer-sml-layout":"","ast-disable-related-posts":"","theme-transparent-header-meta":"default","adv-header-id-meta":"","stick-header-meta":"default","header-above-stick-meta":"","header-main-stick-meta":"","header-below-stick-meta":"","astra-migrate-meta-layouts":"set","ast-page-background-enabled":"default","ast-page-background-meta":{"desktop":{"background-color":"var(--ast-global-color-4)","background-image":"","background-repeat":"repeat","background-position":"center center","background-size":"auto","background-attachment":"scroll","background-type":"","background-media":"","overlay-type":"","overlay-color":"","overlay-opacity":"","overlay-gradient":""},"tablet":{"background-color":"","background-image":"","background-repeat":"repeat","background-position":"center center","background-size":"auto","background-attachment":"scroll","background-type":"","background-media":"","overlay-type":"","overlay-color":"","overlay-opacity":"","overlay-gradient":""},"mobile":{"background-color":"","background-image":"","background-repeat":"repeat","background-position":"center center","background-size":"auto","background-attachment":"scroll","background-type":"","background-media":"","overlay-type":"","overlay-color":"","overlay-opacity":"","overlay-gradient":""}},"ast-content-background-meta":{"desktop":{"background-color":"var(--ast-global-color-5)","background-image":"","background-repeat":"repeat","background-position":"center center","background-size":"auto","background-attachment":"scroll","background-type":"","background-media":"","overlay-type":"","overlay-color":"","overlay-opacity":"","overlay-gradient":""},"tablet":{"background-color":"var(--ast-global-color-5)","background-image":"","background-repeat":"repeat","background-position":"center center","background-size":"auto","background-attachment":"scroll","background-type":"","background-media":"","overlay-type":"","overlay-color":"","overlay-opacity":"","overlay-gradient":""},"mobile":{"background-color":"var(--ast-global-color-5)","background-image":"","background-repeat":"repeat","background-position":"center center","background-size":"auto","background-attachment":"scroll","background-type":"","background-media":"","overlay-type":"","overlay-color":"","overlay-opacity":"","overlay-gradient":""}},"footnotes":""},"class_list":["post-5132","page","type-page","status-publish","hentry"],"yoast_head":"<!-- This site is optimized with the Yoast SEO plugin v27.2 - https:\/\/yoast.com\/product\/yoast-seo-wordpress\/ -->\n<title>Quy ch\u1ebf B\u1ea3o v\u1ec7 m\u00f4i tr\u01b0\u1eddng - KHU C\u00d4NG NGHI\u1ec6P NH\u01a0N H\u1ed8I - KHU A<\/title>\n<meta name=\"description\" content=\"Quy ch\u1ebf b\u1ea3o v\u1ec7 m\u00f4i tr\u01b0\u1eddng KCN Nh\u01a1n H\u1ed9i - Khu A (k\u00e8m theo Quy\u1ebft \u0111\u1ecbnh s\u1ed1 20\/Q\u0110-SNP ng\u00e0y 30 th\u00e1ng 09 n\u0103m 2023 c\u1ee7a C\u00f4ng ty CP KCN S\u00e0i G\u00f2n - Nh\u01a1n H\u1ed9i\" \/>\n<meta name=\"robots\" content=\"index, follow, max-snippet:-1, max-image-preview:large, max-video-preview:-1\" \/>\n<link rel=\"canonical\" href=\"https:\/\/nhonhoiip.com.vn\/zh\/quy-che-bao-ve-moi-truong\/\" \/>\n<meta property=\"og:locale\" content=\"zh_CN\" \/>\n<meta property=\"og:type\" content=\"article\" \/>\n<meta property=\"og:title\" content=\"Quy ch\u1ebf B\u1ea3o v\u1ec7 m\u00f4i tr\u01b0\u1eddng - KHU C\u00d4NG NGHI\u1ec6P NH\u01a0N H\u1ed8I - KHU A\" \/>\n<meta property=\"og:description\" content=\"Quy ch\u1ebf b\u1ea3o v\u1ec7 m\u00f4i tr\u01b0\u1eddng KCN Nh\u01a1n H\u1ed9i - Khu A (k\u00e8m theo Quy\u1ebft \u0111\u1ecbnh s\u1ed1 20\/Q\u0110-SNP ng\u00e0y 30 th\u00e1ng 09 n\u0103m 2023 c\u1ee7a C\u00f4ng ty CP KCN S\u00e0i G\u00f2n - Nh\u01a1n H\u1ed9i\" \/>\n<meta property=\"og:url\" content=\"https:\/\/nhonhoiip.com.vn\/zh\/quy-che-bao-ve-moi-truong\/\" \/>\n<meta property=\"og:site_name\" content=\"KHU C\u00d4NG NGHI\u1ec6P NH\u01a0N H\u1ed8I - KHU A\" \/>\n<meta property=\"article:modified_time\" content=\"2024-09-12T02:02:23+00:00\" \/>\n<meta name=\"twitter:card\" content=\"summary_large_image\" \/>\n<meta name=\"twitter:label1\" content=\"\u9884\u8ba1\u9605\u8bfb\u65f6\u95f4\" \/>\n\t<meta name=\"twitter:data1\" content=\"1 \u5206\" \/>\n<script type=\"application\/ld+json\" class=\"yoast-schema-graph\">{\"@context\":\"https:\/\/schema.org\",\"@graph\":[{\"@type\":\"WebPage\",\"@id\":\"https:\/\/nhonhoiip.com.vn\/quy-che-bao-ve-moi-truong\/\",\"url\":\"https:\/\/nhonhoiip.com.vn\/quy-che-bao-ve-moi-truong\/\",\"name\":\"Quy ch\u1ebf B\u1ea3o v\u1ec7 m\u00f4i tr\u01b0\u1eddng - KHU C\u00d4NG NGHI\u1ec6P NH\u01a0N H\u1ed8I - KHU A\",\"isPartOf\":{\"@id\":\"https:\/\/nhonhoiip.com.vn\/#website\"},\"datePublished\":\"2024-09-10T03:02:06+00:00\",\"dateModified\":\"2024-09-12T02:02:23+00:00\",\"description\":\"Quy ch\u1ebf b\u1ea3o v\u1ec7 m\u00f4i tr\u01b0\u1eddng KCN Nh\u01a1n H\u1ed9i - Khu A (k\u00e8m theo Quy\u1ebft \u0111\u1ecbnh s\u1ed1 20\/Q\u0110-SNP ng\u00e0y 30 th\u00e1ng 09 n\u0103m 2023 c\u1ee7a C\u00f4ng ty CP KCN S\u00e0i G\u00f2n - Nh\u01a1n H\u1ed9i\",\"breadcrumb\":{\"@id\":\"https:\/\/nhonhoiip.com.vn\/quy-che-bao-ve-moi-truong\/#breadcrumb\"},\"inLanguage\":\"zh-Hans\",\"potentialAction\":[{\"@type\":\"ReadAction\",\"target\":[\"https:\/\/nhonhoiip.com.vn\/quy-che-bao-ve-moi-truong\/\"]}]},{\"@type\":\"BreadcrumbList\",\"@id\":\"https:\/\/nhonhoiip.com.vn\/quy-che-bao-ve-moi-truong\/#breadcrumb\",\"itemListElement\":[{\"@type\":\"ListItem\",\"position\":1,\"name\":\"Trang ch\u1ee7\",\"item\":\"https:\/\/nhonhoiip.com.vn\/\"},{\"@type\":\"ListItem\",\"position\":2,\"name\":\"Quy ch\u1ebf B\u1ea3o v\u1ec7 m\u00f4i tr\u01b0\u1eddng\"}]},{\"@type\":\"WebSite\",\"@id\":\"https:\/\/nhonhoiip.com.vn\/#website\",\"url\":\"https:\/\/nhonhoiip.com.vn\/\",\"name\":\"KHU C\u00d4NG NGHI\u1ec6P NH\u01a0N H\u1ed8I - KHU A\",\"description\":\"\",\"publisher\":{\"@id\":\"https:\/\/nhonhoiip.com.vn\/#organization\"},\"potentialAction\":[{\"@type\":\"SearchAction\",\"target\":{\"@type\":\"EntryPoint\",\"urlTemplate\":\"https:\/\/nhonhoiip.com.vn\/?s={search_term_string}\"},\"query-input\":{\"@type\":\"PropertyValueSpecification\",\"valueRequired\":true,\"valueName\":\"search_term_string\"}}],\"inLanguage\":\"zh-Hans\"},{\"@type\":\"Organization\",\"@id\":\"https:\/\/nhonhoiip.com.vn\/#organization\",\"name\":\"KHU C\u00d4NG NGHI\u1ec6P NH\u01a0N H\u1ed8I - KHU A\",\"url\":\"https:\/\/nhonhoiip.com.vn\/\",\"logo\":{\"@type\":\"ImageObject\",\"inLanguage\":\"zh-Hans\",\"@id\":\"https:\/\/nhonhoiip.com.vn\/#\/schema\/logo\/image\/\",\"url\":\"https:\/\/nhonhoiip.com.vn\/wp-content\/uploads\/2021\/11\/logo.png\",\"contentUrl\":\"https:\/\/nhonhoiip.com.vn\/wp-content\/uploads\/2021\/11\/logo.png\",\"width\":460,\"height\":76,\"caption\":\"KHU C\u00d4NG NGHI\u1ec6P NH\u01a0N H\u1ed8I - KHU A\"},\"image\":{\"@id\":\"https:\/\/nhonhoiip.com.vn\/#\/schema\/logo\/image\/\"}}]}<\/script>\n<!-- \/ Yoast SEO plugin. -->","yoast_head_json":{"title":"Quy ch\u1ebf B\u1ea3o v\u1ec7 m\u00f4i tr\u01b0\u1eddng - KHU C\u00d4NG NGHI\u1ec6P NH\u01a0N H\u1ed8I - KHU A","description":"Quy ch\u1ebf b\u1ea3o v\u1ec7 m\u00f4i tr\u01b0\u1eddng KCN Nh\u01a1n H\u1ed9i - Khu A (k\u00e8m theo Quy\u1ebft \u0111\u1ecbnh s\u1ed1 20\/Q\u0110-SNP ng\u00e0y 30 th\u00e1ng 09 n\u0103m 2023 c\u1ee7a C\u00f4ng ty CP KCN S\u00e0i G\u00f2n - Nh\u01a1n H\u1ed9i","robots":{"index":"index","follow":"follow","max-snippet":"max-snippet:-1","max-image-preview":"max-image-preview:large","max-video-preview":"max-video-preview:-1"},"canonical":"https:\/\/nhonhoiip.com.vn\/zh\/quy-che-bao-ve-moi-truong\/","og_locale":"zh_CN","og_type":"article","og_title":"Quy ch\u1ebf B\u1ea3o v\u1ec7 m\u00f4i tr\u01b0\u1eddng - KHU C\u00d4NG NGHI\u1ec6P NH\u01a0N H\u1ed8I - KHU A","og_description":"Quy ch\u1ebf b\u1ea3o v\u1ec7 m\u00f4i tr\u01b0\u1eddng KCN Nh\u01a1n H\u1ed9i - Khu A (k\u00e8m theo Quy\u1ebft \u0111\u1ecbnh s\u1ed1 20\/Q\u0110-SNP ng\u00e0y 30 th\u00e1ng 09 n\u0103m 2023 c\u1ee7a C\u00f4ng ty CP KCN S\u00e0i G\u00f2n - Nh\u01a1n H\u1ed9i","og_url":"https:\/\/nhonhoiip.com.vn\/zh\/quy-che-bao-ve-moi-truong\/","og_site_name":"KHU C\u00d4NG NGHI\u1ec6P NH\u01a0N H\u1ed8I - KHU A","article_modified_time":"2024-09-12T02:02:23+00:00","twitter_card":"summary_large_image","twitter_misc":{"\u9884\u8ba1\u9605\u8bfb\u65f6\u95f4":"1 \u5206"},"schema":{"@context":"https:\/\/schema.org","@graph":[{"@type":"WebPage","@id":"https:\/\/nhonhoiip.com.vn\/quy-che-bao-ve-moi-truong\/","url":"https:\/\/nhonhoiip.com.vn\/quy-che-bao-ve-moi-truong\/","name":"Quy ch\u1ebf B\u1ea3o v\u1ec7 m\u00f4i tr\u01b0\u1eddng - KHU C\u00d4NG NGHI\u1ec6P NH\u01a0N H\u1ed8I - KHU A","isPartOf":{"@id":"https:\/\/nhonhoiip.com.vn\/#website"},"datePublished":"2024-09-10T03:02:06+00:00","dateModified":"2024-09-12T02:02:23+00:00","description":"Quy ch\u1ebf b\u1ea3o v\u1ec7 m\u00f4i tr\u01b0\u1eddng KCN Nh\u01a1n H\u1ed9i - Khu A (k\u00e8m theo Quy\u1ebft \u0111\u1ecbnh s\u1ed1 20\/Q\u0110-SNP ng\u00e0y 30 th\u00e1ng 09 n\u0103m 2023 c\u1ee7a C\u00f4ng ty CP KCN S\u00e0i G\u00f2n - Nh\u01a1n H\u1ed9i","breadcrumb":{"@id":"https:\/\/nhonhoiip.com.vn\/quy-che-bao-ve-moi-truong\/#breadcrumb"},"inLanguage":"zh-Hans","potentialAction":[{"@type":"ReadAction","target":["https:\/\/nhonhoiip.com.vn\/quy-che-bao-ve-moi-truong\/"]}]},{"@type":"BreadcrumbList","@id":"https:\/\/nhonhoiip.com.vn\/quy-che-bao-ve-moi-truong\/#breadcrumb","itemListElement":[{"@type":"ListItem","position":1,"name":"Trang ch\u1ee7","item":"https:\/\/nhonhoiip.com.vn\/"},{"@type":"ListItem","position":2,"name":"Quy ch\u1ebf B\u1ea3o v\u1ec7 m\u00f4i tr\u01b0\u1eddng"}]},{"@type":"WebSite","@id":"https:\/\/nhonhoiip.com.vn\/#website","url":"https:\/\/nhonhoiip.com.vn\/","name":"\u5168\u6d77\u5de5\u4e1a\u56ed - A\u533a","description":"","publisher":{"@id":"https:\/\/nhonhoiip.com.vn\/#organization"},"potentialAction":[{"@type":"SearchAction","target":{"@type":"EntryPoint","urlTemplate":"https:\/\/nhonhoiip.com.vn\/?s={search_term_string}"},"query-input":{"@type":"PropertyValueSpecification","valueRequired":true,"valueName":"search_term_string"}}],"inLanguage":"zh-Hans"},{"@type":"Organization","@id":"https:\/\/nhonhoiip.com.vn\/#organization","name":"\u5168\u6d77\u5de5\u4e1a\u56ed - A\u533a","url":"https:\/\/nhonhoiip.com.vn\/","logo":{"@type":"ImageObject","inLanguage":"zh-Hans","@id":"https:\/\/nhonhoiip.com.vn\/#\/schema\/logo\/image\/","url":"https:\/\/nhonhoiip.com.vn\/wp-content\/uploads\/2021\/11\/logo.png","contentUrl":"https:\/\/nhonhoiip.com.vn\/wp-content\/uploads\/2021\/11\/logo.png","width":460,"height":76,"caption":"KHU C\u00d4NG NGHI\u1ec6P NH\u01a0N H\u1ed8I - KHU A"},"image":{"@id":"https:\/\/nhonhoiip.com.vn\/#\/schema\/logo\/image\/"}}]}},"_links":{"self":[{"href":"https:\/\/nhonhoiip.com.vn\/zh\/wp-json\/wp\/v2\/pages\/5132","targetHints":{"allow":["GET"]}}],"collection":[{"href":"https:\/\/nhonhoiip.com.vn\/zh\/wp-json\/wp\/v2\/pages"}],"about":[{"href":"https:\/\/nhonhoiip.com.vn\/zh\/wp-json\/wp\/v2\/types\/page"}],"author":[{"embeddable":true,"href":"https:\/\/nhonhoiip.com.vn\/zh\/wp-json\/wp\/v2\/users\/1"}],"replies":[{"embeddable":true,"href":"https:\/\/nhonhoiip.com.vn\/zh\/wp-json\/wp\/v2\/comments?post=5132"}],"version-history":[{"count":0,"href":"https:\/\/nhonhoiip.com.vn\/zh\/wp-json\/wp\/v2\/pages\/5132\/revisions"}],"wp:attachment":[{"href":"https:\/\/nhonhoiip.com.vn\/zh\/wp-json\/wp\/v2\/media?parent=5132"}],"curies":[{"name":"wp","href":"https:\/\/api.w.org\/{rel}","templated":true}]}}